{"id":10632,"date":"2022-09-15T08:20:47","date_gmt":"2022-09-15T08:20:47","guid":{"rendered":"https:\/\/www.groovelanddesigns.co.uk\/about\/"},"modified":"2022-09-24T15:07:11","modified_gmt":"2022-09-24T15:07:11","slug":"o-nas","status":"publish","type":"page","link":"https:\/\/www.groovelanddesigns.co.uk\/pl\/o-nas\/","title":{"rendered":"O Nas"},"content":{"rendered":"<div class=\"wpb-content-wrapper\">[vc_row thb_full_width=&#8221;true&#8221; thb_row_padding=&#8221;true&#8221; thb_column_padding=&#8221;true&#8221; thb_shape_divider=&#8221;true&#8221; point_down=&#8221;yes&#8221; css=&#8221;.vc_custom_1659516906696{background-image: url(https:\/\/www.groovelanddesigns.co.uk\/wp-content\/uploads\/2015\/05\/back_bold_slide1.jpg?id=3984) !important;background-position: center !important;background-repeat: no-repeat !important;background-size: cover !important;}&#8221; el_class=&#8221;minheight60vh herosectiontransparent&#8221; divider_shape=&#8221;grunge&#8221; thb_divider_color=&#8221;#ffffff&#8221;][vc_column][vc_row_inner thb_column_padding=&#8221;true&#8221; content_placement=&#8221;middle&#8221;][vc_column_inner thb_color=&#8221;thb-light-column&#8221; offset=&#8221;vc_col-lg-12 vc_col-md-12&#8243;][vc_custom_heading text=&#8221;Kim Jeste\u015bmy i Co Robimy&#8221; font_container=&#8221;tag:h1|text_align:center&#8221; use_theme_fonts=&#8221;yes&#8221; el_class=&#8221;headingtitle&#8221;][vc_empty_space height=&#8221;12px&#8221;][vc_column_text animation=&#8221;animation fade-in&#8221; el_class=&#8221;hiddenmobile&#8221;]\n<p style=\"text-align: center;\"><span style=\"color: #ffffff;\">Dowiedz si\u0119 wi\u0119cej o naszych warto\u015bciach, wizji, zakresie oferowanych us\u0142ug i naszym zespole.<\/span><\/p>\n[\/vc_column_text][\/vc_column_inner][\/vc_row_inner][\/vc_column][\/vc_row][vc_row thb_full_width=&#8221;true&#8221; thb_row_padding=&#8221;true&#8221; thb_column_padding=&#8221;true&#8221; css=&#8221;.vc_custom_1659516910199{padding-bottom: 5vh !important;}&#8221;][vc_column][vc_row_inner el_class=&#8221;align-center&#8221;][vc_column_inner offset=&#8221;vc_col-lg-8 vc_col-md-10&#8243;]\t<div id=\"thb-slidetype-6a0339034f97b\" class=\"thb-slidetype \" data-style=\"style1\">\n\t\t\n<h2><span class=\"thb-slidetype-entry\"><span class=\"lines\">Agencja Reklamowa<\/span><\/span><span class=\"thb-slidetype-entry\"><span class=\"lines\">dla firm i przedsi\u0119biorc\u00f3w w UK<\/span><\/span><\/h2>\n\t\t\t<\/div>\n\n\t[vc_empty_space height=&#8221;30px&#8221;][vc_column_text]Grooveland Designs to polsko-brytyjska <strong>agencja reklamowa<\/strong> z siedzib\u0105 w Cardiff, \u015bwiadcz\u0105ca us\u0142ugi klientom w Wielkiej Brytanii i na Ibizie.<\/p>\n<p><span>Za\u0142o\u017cona w 2011, nasza firma powsta\u0142a jako odpowied\u017a na stale rosn\u0105ce potrzeby dzisiejszego rynku i firm w zakresie obecno\u015bci w sieci.<\/span><\/p>\n<p>Od pocz\u0105tku naszej dzia\u0142alno\u015bci tworzymy profesjonalne <strong>strony internetowe WordPress<\/strong> wraz z us\u0142ugami marketingu cyfrowego dla ma\u0142ych i \u015brednich firm.<\/p>\n<p>Ostatnio rozszerzyli\u015bmy nasz\u0105 ofert\u0119 jeszcze bardziej i oferujemy teraz r\u00f3wnie\u017c <strong>fotografi\u0119 biznesow\u0105, produkcj\u0119 film\u00f3w wideo<\/strong> i tworzenie tre\u015bci.<\/p>\n<p>Podstawow\u0105 naszej filozofi jest dostarczanie us\u0142ug, kt\u00f3re ulepsz\u0105 Tw\u00f3j biznes poprzez zwi\u0119kszenie rozpoznawalno\u015bci Twojej marki, przyci\u0105gni\u0119cie nowych klient\u00f3w i generowanie sprzeda\u017cy.[\/vc_column_text][\/vc_column_inner][\/vc_row_inner][\/vc_column][\/vc_row][vc_row thb_full_width=&#8221;true&#8221; thb_row_padding=&#8221;true&#8221; thb_column_padding=&#8221;true&#8221;][vc_column]\t<div id=\"thb-bg-list-6a0339034f9e7\" class=\"thb-bg-list-parent style1 row no-padding thb-light-title\" data-zoom-effect=\"true\">\n\t\t\t<div class=\"small-12 medium-4 columns\" style=\"min-height: \">\n\t\t<div class=\"thb-bg-list animation right-to-left-3d \">\n\t\t\t<div class=\"list-content-container\">\n\t\t\t\t\t\t\t\t\t<div class=\"thb-bg-list-title\">\n\t\t\t\t\t\t<h3>Nasza Misja<span style=\"color:#e9204f; font-weight:normal;\"> |<\/span><\/h3>\n\t\t\t\t\t<\/div>\n\t\t\t\t\t\t\t\t\t\t\t\t\t<div class=\"thb-bg-list-content\">\n\t\t\t\t\t\tNasz\u0105 misj\u0105 jest wspomaganie ma\u0142ym i du\u017cym firmom, w przekszta\u0142caniu ich pomys\u0142\u00f3w biznesowych w rzeczywisto\u015b\u0107. W tym celu zapewniamy naszym klientom profesjonalne i op\u0142acalne rozwi\u0105zania marketingowe w konkurencyjnych i przyst\u0119pnych cenach. Staramy si\u0119 oferowa\u0107 najlepsze mo\u017cliwe us\u0142ugi projektowania stron WWW, fotografii biznesowej oraz produkcji film\u00f3w wideo, kt\u00f3re maj\u0105 pozytywny i znacz\u0105cy wp\u0142yw na naszych klient\u00f3w i ich firmy.\t\t\t\t\t<\/div>\n\t\t\t\t\t\t\t<\/div>\n\t\t\t\t\t<\/div>\n\t<\/div>\n\t<figure class=\"thb-bg-list-bg\">\n\t\t<img decoding=\"async\" width=\"1904\" height=\"1172\" data-src=\"https:\/\/www.groovelanddesigns.co.uk\/wp-content\/uploads\/2021\/08\/ourmission2.jpg\" class=\"thb-bg-list-image attachment-full lazyload\" alt=\"\" title=\"ourmission2\" data-srcset=\"https:\/\/www.groovelanddesigns.co.uk\/wp-content\/uploads\/2021\/08\/ourmission2.jpg 1904w, https:\/\/www.groovelanddesigns.co.uk\/wp-content\/uploads\/2021\/08\/ourmission2-300x185.jpg 300w, https:\/\/www.groovelanddesigns.co.uk\/wp-content\/uploads\/2021\/08\/ourmission2-1024x630.jpg 1024w, https:\/\/www.groovelanddesigns.co.uk\/wp-content\/uploads\/2021\/08\/ourmission2-1536x945.jpg 1536w, https:\/\/www.groovelanddesigns.co.uk\/wp-content\/uploads\/2021\/08\/ourmission2-380x234.jpg 380w, https:\/\/www.groovelanddesigns.co.uk\/wp-content\/uploads\/2021\/08\/ourmission2-190x117.jpg 190w, https:\/\/www.groovelanddesigns.co.uk\/wp-content\/uploads\/2021\/08\/ourmission2-760x468.jpg 760w, https:\/\/www.groovelanddesigns.co.uk\/wp-content\/uploads\/2021\/08\/ourmission2-1140x702.jpg 1140w, https:\/\/www.groovelanddesigns.co.uk\/wp-content\/uploads\/2021\/08\/ourmission2-20x12.jpg 20w\" data-sizes=\"(max-width: 1904px) 100vw, 1904px\" src=\"data:image\/svg+xml;base64,PHN2ZyB3aWR0aD0iMSIgaGVpZ2h0PSIxIiB4bWxucz0iaHR0cDovL3d3dy53My5vcmcvMjAwMC9zdmciPjwvc3ZnPg==\" style=\"--smush-placeholder-width: 1904px; --smush-placeholder-aspect-ratio: 1904\/1172;\" \/>\t<\/figure>\n\t\t<div class=\"small-12 medium-4 columns\" style=\"min-height: \">\n\t\t<div class=\"thb-bg-list animation right-to-left-3d \">\n\t\t\t<div class=\"list-content-container\">\n\t\t\t\t\t\t\t\t\t<div class=\"thb-bg-list-title\">\n\t\t\t\t\t\t<h3>Nasza Wizja<span style=\"color:#e9204f; font-weight:normal;\"> |<\/span><\/h3>\n\t\t\t\t\t<\/div>\n\t\t\t\t\t\t\t\t\t\t\t\t\t<div class=\"thb-bg-list-content\">\n\t\t\t\t\t\tD\u0105\u017cymy do tego, aby sta\u0107 si\u0119 wiod\u0105c\u0105 agencj\u0105 reklamow\u0105 dla przedsi\u0119biorc\u00f3w i firm w Wielkiej Brytanii. Naszym celem jest bycie najlepszym wyborem dla klient\u00f3w, kt\u00f3rzy chc\u0105 zamienia\u0107 swoje pomys\u0142y w udane projekty, przynosz\u0105c wzrost i dobrobyt naszym klientom, partnerom i naszym pracownikom. Osi\u0105gniemy to, zapewniaj\u0105c najlepszy stosunek jako\u015bci do ceny przy zachowaniu profesjonalnej, wysokiej jako\u015bci us\u0142ug przez ca\u0142y czas.\t\t\t\t\t<\/div>\n\t\t\t\t\t\t\t<\/div>\n\t\t\t\t\t<\/div>\n\t<\/div>\n\t<figure class=\"thb-bg-list-bg\">\n\t\t<img decoding=\"async\" width=\"1904\" height=\"1172\" data-src=\"https:\/\/www.groovelanddesigns.co.uk\/wp-content\/uploads\/2021\/08\/ourvision9.jpg\" class=\"thb-bg-list-image attachment-full lazyload\" alt=\"\" title=\"ourvision9\" data-srcset=\"https:\/\/www.groovelanddesigns.co.uk\/wp-content\/uploads\/2021\/08\/ourvision9.jpg 1904w, https:\/\/www.groovelanddesigns.co.uk\/wp-content\/uploads\/2021\/08\/ourvision9-300x185.jpg 300w, https:\/\/www.groovelanddesigns.co.uk\/wp-content\/uploads\/2021\/08\/ourvision9-1024x630.jpg 1024w, https:\/\/www.groovelanddesigns.co.uk\/wp-content\/uploads\/2021\/08\/ourvision9-1536x945.jpg 1536w, https:\/\/www.groovelanddesigns.co.uk\/wp-content\/uploads\/2021\/08\/ourvision9-380x234.jpg 380w, https:\/\/www.groovelanddesigns.co.uk\/wp-content\/uploads\/2021\/08\/ourvision9-190x117.jpg 190w, https:\/\/www.groovelanddesigns.co.uk\/wp-content\/uploads\/2021\/08\/ourvision9-760x468.jpg 760w, https:\/\/www.groovelanddesigns.co.uk\/wp-content\/uploads\/2021\/08\/ourvision9-1140x702.jpg 1140w, https:\/\/www.groovelanddesigns.co.uk\/wp-content\/uploads\/2021\/08\/ourvision9-20x12.jpg 20w\" data-sizes=\"(max-width: 1904px) 100vw, 1904px\" src=\"data:image\/svg+xml;base64,PHN2ZyB3aWR0aD0iMSIgaGVpZ2h0PSIxIiB4bWxucz0iaHR0cDovL3d3dy53My5vcmcvMjAwMC9zdmciPjwvc3ZnPg==\" style=\"--smush-placeholder-width: 1904px; --smush-placeholder-aspect-ratio: 1904\/1172;\" \/>\t<\/figure>\n\t\t<div class=\"small-12 medium-4 columns\" style=\"min-height: \">\n\t\t<div class=\"thb-bg-list animation right-to-left-3d \">\n\t\t\t<div class=\"list-content-container\">\n\t\t\t\t\t\t\t\t\t<div class=\"thb-bg-list-title\">\n\t\t\t\t\t\t<h3>Nasze Warto\u015bci<span style=\"color:#e9204f; font-weight:normal;\"> |<\/span><\/h3>\n\t\t\t\t\t<\/div>\n\t\t\t\t\t\t\t\t\t\t\t\t\t<div class=\"thb-bg-list-content\">\n\t\t\t\t\t\tWierzymy w uczciwo\u015b\u0107 i integralno\u015b\u0107 we wszystkim, co robimy, od przejrzystych i uczciwych cen po optymalne i op\u0142acalne rozwi\u0105zania. Dzia\u0142amy z pasj\u0105, szacunkiem i wdzi\u0119czno\u015bci\u0105 oraz rozwijamy si\u0119, przewy\u017cszaj\u0105c oczekiwania naszych klient\u00f3w. Staramy si\u0119 wnosi\u0107 pozytywny wk\u0142ad w nasze spo\u0142eczno\u015bci, oferuj\u0105c wyj\u0105tkowe us\u0142ugi, kt\u00f3re maj\u0105 namacalny wp\u0142yw na lokalne firmy. Kluczem do naszego sukcesu jest sukces naszych klient\u00f3w.\t\t\t\t\t<\/div>\n\t\t\t\t\t\t\t<\/div>\n\t\t\t\t\t<\/div>\n\t<\/div>\n\t<figure class=\"thb-bg-list-bg\">\n\t\t<img decoding=\"async\" width=\"1536\" height=\"864\" data-src=\"https:\/\/www.groovelanddesigns.co.uk\/wp-content\/uploads\/2015\/03\/back_people_blue.jpg\" class=\"thb-bg-list-image attachment-full lazyload\" alt=\"\" title=\"back_people_blue\" data-srcset=\"https:\/\/www.groovelanddesigns.co.uk\/wp-content\/uploads\/2015\/03\/back_people_blue.jpg 1536w, https:\/\/www.groovelanddesigns.co.uk\/wp-content\/uploads\/2015\/03\/back_people_blue-300x169.jpg 300w, https:\/\/www.groovelanddesigns.co.uk\/wp-content\/uploads\/2015\/03\/back_people_blue-1024x576.jpg 1024w, https:\/\/www.groovelanddesigns.co.uk\/wp-content\/uploads\/2015\/03\/back_people_blue-1130x636.jpg 1130w, https:\/\/www.groovelanddesigns.co.uk\/wp-content\/uploads\/2015\/03\/back_people_blue-800x450.jpg 800w, https:\/\/www.groovelanddesigns.co.uk\/wp-content\/uploads\/2015\/03\/back_people_blue-600x338.jpg 600w, https:\/\/www.groovelanddesigns.co.uk\/wp-content\/uploads\/2015\/03\/back_people_blue-200x113.jpg 200w, https:\/\/www.groovelanddesigns.co.uk\/wp-content\/uploads\/2015\/03\/back_people_blue-50x28.jpg 50w\" data-sizes=\"(max-width: 1536px) 100vw, 1536px\" src=\"data:image\/svg+xml;base64,PHN2ZyB3aWR0aD0iMSIgaGVpZ2h0PSIxIiB4bWxucz0iaHR0cDovL3d3dy53My5vcmcvMjAwMC9zdmciPjwvc3ZnPg==\" style=\"--smush-placeholder-width: 1536px; --smush-placeholder-aspect-ratio: 1536\/864;\" \/>\t<\/figure>\n\t\t<\/div>\n\t[vc_row_inner][vc_column_inner][vc_empty_space height=&#8221;140px&#8221;][\/vc_column_inner][\/vc_row_inner][\/vc_column][\/vc_row][vc_row thb_full_width=&#8221;true&#8221; thb_row_padding=&#8221;true&#8221; thb_column_padding=&#8221;true&#8221; content_placement=&#8221;middle&#8221; disable_element=&#8221;yes&#8221; el_class=&#8221;align-center&#8221; css=&#8221;.vc_custom_1661940380065{background-color: #080808 !important;}&#8221;][vc_column el_class=&#8221;align-center&#8221; offset=&#8221;vc_col-lg-8&#8243;][vc_empty_space height=&#8221;50px&#8221;][vc_custom_heading text=&#8221;Poznaj Nasz Zesp\u00f3\u0142&#8221; font_container=&#8221;tag:h2|text_align:center|color:%23ffffff&#8221; use_theme_fonts=&#8221;yes&#8221;][vc_separator color=&#8221;white&#8221; el_width=&#8221;10&#8243;][vc_empty_space]\t<div id=\"thb-team-493\" class=\"thb-team-row team-light\">\n\t\t<div class=\"row style1 no-padding\" data-columns=\"large-4\" data-pagination=\"true\" data-autoplay=\"\" data-autoplay-speed=\"4000\">\n\t\t\t\t<div class=\"thb-team-member small-12 large-4 animation fade-in columns member_style1 \">\n\t\t<div class=\"team-container \n\t\t\">\n\t\t\t<img decoding=\"async\" width=\"600\" height=\"500\" data-src=\"https:\/\/www.groovelanddesigns.co.uk\/wp-content\/uploads\/2010\/09\/emil_website.jpg\" class=\"attachment-full lazyload\" alt=\"\" title=\"emil_website\" src=\"data:image\/svg+xml;base64,PHN2ZyB3aWR0aD0iMSIgaGVpZ2h0PSIxIiB4bWxucz0iaHR0cDovL3d3dy53My5vcmcvMjAwMC9zdmciPjwvc3ZnPg==\" style=\"--smush-placeholder-width: 600px; --smush-placeholder-aspect-ratio: 600\/500;\" \/>\t\t\t\t\t\t<div class=\"team-information \n\t\t\t\">\n\t\t\t\t\t\t\t\t\t\t\t\t\t\t\t\t<div class=\"thb-description\">Emil launched Grooveland Designs in 2011 His main role is now project management, client relations, photography and video production. He also supports the team with design and development. He loves music, Ibiza and all things organic<\/div>\n\t\t\t\t\t\t\t\t\t\t\t\t\t\t\t\t\t\t\t\t\t\t\t\t\t\t\t\t<\/div>\n\t\t\t\t\t<\/div>\n\t\t\t\t\t<h6 class=\"member-title\">Emil<\/h6>\n\t\t\t<p class=\"job-title\">Website Developer<\/p>\n\t\t\t\t\t<\/div>\n\t\t<div class=\"thb-team-member small-12 large-4 animation fade-in columns member_style1 \">\n\t\t<div class=\"team-container \n\t\t\">\n\t\t\t\t\t\t\t\t\t<div class=\"team-information \n\t\t\t\">\n\t\t\t\t\t\t\t\t\t\t\t\t\t\t\t\t<div class=\"thb-description\">Daniel is responsible for all areas of front end web development and design.<div class=\"thb-description\"><br \/>\nHis broad programming and coding knowledge, a keen eye for detail and great problem-solving skills go hand in hand with a real talent for design and allow him to create beautiful and functional websites. He also assists with any graphic design projects.<\/div><br \/>\n<div class=\"thb-description\">Daniel has a real passion for manga, warplanes, history, retro games and music.<\/div><\/div>\n\t\t\t\t\t\t\t\t\t\t\t\t\t\t\t\t\t\t\t\t\t\t\t\t\t\t\t\t<\/div>\n\t\t\t\t\t<\/div>\n\t\t\t\t\t<h6 class=\"member-title\">Daniel<\/h6>\n\t\t\t<p class=\"job-title\">Web Developer &amp; Designer<\/p>\n\t\t\t\t\t<\/div>\n\t\t<div class=\"thb-team-member small-12 large-4 animation fade-in columns member_style1 \">\n\t\t<div class=\"team-container \n\t\t\">\n\t\t\t\t\t\t\t\t\t<div class=\"team-information \n\t\t\t\">\n\t\t\t\t\t\t\t\t\t\t\t\t\t\t\t\t<div class=\"thb-description\">Ryan is our SEO expert and is responsible for all aspects of digital marketing, optimisation and content management.<div class=\"thb-description\"><br \/>\nHe thrives on providing effective, results-driven SEO campaigns which make a real difference to our customers. He strongly believes in supporting local businesses and economy.<\/div><br \/>\n<div class=\"thb-description\">In his spare time Ryan enjoys staying active but claims nothing beats traditional fish and chips at the seafront.<\/div><\/div>\n\t\t\t\t\t\t\t\t\t\t\t\t\t\t\t\t\t\t\t\t\t\t\t\t\t\t\t\t<\/div>\n\t\t\t\t\t<\/div>\n\t\t\t\t\t<h6 class=\"member-title\">Ryan<\/h6>\n\t\t\t<p class=\"job-title\">SEO Specialist<\/p>\n\t\t\t\t\t<\/div>\n\t\t\t<\/div>\n\t<\/div>\n\t<style>\n\t\t\t\t#thb-team-493 .thb-team-member:not(.member_style5) .team-information {\n\t\t\tbackground:#e9204f;background:linear-gradient( -135deg,#e9204f,#e9204f );\t\t}\n\t\t#thb-team-493 .thb-team-member.member_style5 .team-information-hover {\n\t\t\tbackground:#e9204f;background:linear-gradient( -135deg,#e9204f,#e9204f );\t\t}\n\t\t\t\t\t<\/style>\n\t[vc_empty_space height=&#8221;25px&#8221;][\/vc_column][\/vc_row][vc_row thb_row_padding=&#8221;true&#8221; thb_column_padding=&#8221;true&#8221; thb_divider_color=&#8221;#f1f1f1&#8243; thb_divider_height=&#8221;130&#8243; css=&#8221;.vc_custom_1625736136588{background-color: #e9204f !important;background-position: center !important;background-repeat: no-repeat !important;background-size: cover !important;}&#8221; el_class=&#8221;align-center&#8221;][vc_column animation=&#8221;animation bottom-to-top-3d&#8221;][vc_row_inner content_placement=&#8221;middle&#8221; css=&#8221;.vc_custom_1624405940886{padding-top: 40px !important;padding-bottom: 40px !important;background-position: center !important;background-repeat: no-repeat !important;background-size: cover !important;}&#8221; el_class=&#8221;cta-row&#8221;][vc_column_inner width=&#8221;1\/2&#8243;]\t<div id=\"thb-slidetype-6a033903531d5\" class=\"thb-slidetype \" data-style=\"style1\">\n\t\t<h2 style=\"margin-bottom:0px!important;\"><span class=\"thb-slidetype-entry\"><span class=\"lines\">Chcesz dowiedzie\u0107 si\u0119 wi\u0119cej?<\/span><\/span><\/h2>\t\t\t\t<style>\n\t\t\t#thb-slidetype-6a033903531d5 .thb-slidetype-entry {\n\t\t\t\tcolor: #ffffff;\n\t\t\t}\n\t\t<\/style>\n\t\t\t<\/div>\n\n\t[\/vc_column_inner][vc_column_inner el_class=&#8221;medium-text-right&#8221; width=&#8221;1\/2&#8243;]\t<a id=\"thb-button-6a0339035326a\" class=\"btn style3 medium  white no-radius animation bottom-to-top-3d   \" href=\"https:\/\/www.groovelanddesigns.co.uk\/pl\/kontakt\/\" target=\"_self\" role=\"button\">\n\t\t\t\t\t<span>SKONTAKTUJ SI\u0118 Z NAMI<\/span>\n\t\t\t<\/a>\n\t\t[\/vc_column_inner][\/vc_row_inner][\/vc_column][\/vc_row][vc_row][vc_column][vc_empty_space height=&#8221;50px&#8221;][\/vc_column][\/vc_row]\n<\/div>","protected":false},"excerpt":{"rendered":"<p>[vc_row thb_full_width=&#8221;true&#8221; thb_row_padding=&#8221;true&#8221; thb_column_padding=&#8221;true&#8221; thb_shape_divider=&#8221;true&#8221; point_down=&#8221;yes&#8221; css=&#8221;.vc_custom_1659516906696{background-image: url(https:\/\/www.groovelanddesigns.co.uk\/wp-content\/uploads\/2015\/05\/back_bold_slide1.jpg?id=3984) !important;background-position: center !important;background-repeat: no-repeat !important;background-size: cover !important;}&#8221; el_class=&#8221;minheight60vh herosectiontransparent&#8221; divider_shape=&#8221;grunge&#8221; thb_divider_color=&#8221;#ffffff&#8221;][vc_column][vc_row_inner thb_column_padding=&#8221;true&#8221; content_placement=&#8221;middle&#8221;][vc_column_inner thb_color=&#8221;thb-light-column&#8221; offset=&#8221;vc_col-lg-12 vc_col-md-12&#8243;][vc_custom_heading text=&#8221;Kim Jeste\u015bmy i Co Robimy&#8221; font_container=&#8221;tag:h1|text_align:center&#8221; use_theme_fonts=&#8221;yes&#8221; el_class=&#8221;headingtitle&#8221;][vc_empty_space height=&#8221;12px&#8221;][vc_column_text animation=&#8221;animation fade-in&#8221; el_class=&#8221;hiddenmobile&#8221;] Dowiedz si\u0119 wi\u0119cej o naszych warto\u015bciach, wizji, zakresie oferowanych us\u0142ug i naszym zespole. [\/vc_column_text][\/vc_column_inner][\/vc_row_inner][\/vc_column][\/vc_row][vc_row thb_full_width=&#8221;true&#8221; thb_row_padding=&#8221;true&#8221; thb_column_padding=&#8221;true&#8221; css=&#8221;.vc_custom_1659516910199{padding-bottom: 5vh&hellip;<\/p>\n","protected":false},"author":1,"featured_media":0,"parent":0,"menu_order":0,"comment_status":"closed","ping_status":"closed","template":"","meta":{"footnotes":""},"class_list":["post-10632","page","type-page","status-publish","hentry"],"aioseo_notices":[],"_links":{"self":[{"href":"https:\/\/www.groovelanddesigns.co.uk\/pl\/wp-json\/wp\/v2\/pages\/10632","targetHints":{"allow":["GET"]}}],"collection":[{"href":"https:\/\/www.groovelanddesigns.co.uk\/pl\/wp-json\/wp\/v2\/pages"}],"about":[{"href":"https:\/\/www.groovelanddesigns.co.uk\/pl\/wp-json\/wp\/v2\/types\/page"}],"author":[{"embeddable":true,"href":"https:\/\/www.groovelanddesigns.co.uk\/pl\/wp-json\/wp\/v2\/users\/1"}],"replies":[{"embeddable":true,"href":"https:\/\/www.groovelanddesigns.co.uk\/pl\/wp-json\/wp\/v2\/comments?post=10632"}],"version-history":[{"count":0,"href":"https:\/\/www.groovelanddesigns.co.uk\/pl\/wp-json\/wp\/v2\/pages\/10632\/revisions"}],"wp:attachment":[{"href":"https:\/\/www.groovelanddesigns.co.uk\/pl\/wp-json\/wp\/v2\/media?parent=10632"}],"curies":[{"name":"wp","href":"https:\/\/api.w.org\/{rel}","templated":true}]}}