{"id":10716,"date":"2021-07-30T11:32:39","date_gmt":"2021-07-30T11:32:39","guid":{"rendered":"https:\/\/www.groovelanddesigns.co.uk\/?page_id=10716"},"modified":"2026-03-07T15:49:29","modified_gmt":"2026-03-07T15:49:29","slug":"fotografia","status":"publish","type":"page","link":"https:\/\/www.groovelanddesigns.co.uk\/pl\/fotografia\/","title":{"rendered":"Fotografia"},"content":{"rendered":"<div class=\"wpb-content-wrapper\">[vc_row thb_full_width=&#8221;true&#8221; thb_row_padding=&#8221;true&#8221; thb_column_padding=&#8221;true&#8221; thb_shape_divider=&#8221;true&#8221; point_down=&#8221;yes&#8221; css=&#8221;.vc_custom_1659516689239{background-image: url(https:\/\/www.groovelanddesigns.co.uk\/wp-content\/uploads\/2021\/08\/photography2.jpg?id=9927) !important;background-position: center !important;background-repeat: no-repeat !important;background-size: cover !important;}&#8221; el_class=&#8221;minheight60vh herosectiontransparent&#8221; divider_shape=&#8221;grunge&#8221; thb_divider_color=&#8221;#ffffff&#8221;][vc_column][vc_row_inner thb_column_padding=&#8221;true&#8221; content_placement=&#8221;middle&#8221;][vc_column_inner thb_color=&#8221;thb-light-column&#8221; offset=&#8221;vc_col-lg-12 vc_col-md-12&#8243;][vc_custom_heading source=&#8221;post_title&#8221; font_container=&#8221;tag:h1|text_align:center&#8221; use_theme_fonts=&#8221;yes&#8221; el_class=&#8221;headingtitle&#8221;][vc_empty_space height=&#8221;12px&#8221;][vc_column_text animation=&#8221;animation fade-in&#8221; el_class=&#8221;hiddenmobile&#8221;]\n<p style=\"text-align: center;\"><span style=\"color: #ffffff;\">Podstawa profesjonalnego wizerunku Twojej firmy<\/span><\/p>\n[\/vc_column_text][\/vc_column_inner][\/vc_row_inner][\/vc_column][\/vc_row][vc_row thb_column_padding=&#8221;true&#8221;][vc_column]\t\t<div class=\"row thb-content-carousel thb-carousel regular-padding   \" id=\"content-carousel-559\" data-columns=\"medium-2\" data-autoplay=\"true\" data-autoplay-speed=\"1000\" data-pagination=\"\" data-infinite=\"false\" data-navigation=\"\">\n\t\t\t[vc_row_inner thb_column_padding=&#8221;true&#8221;][vc_column_inner][vc_icon type=&#8221;linecons&#8221; icon_linecons=&#8221;vc_li vc_li-user&#8221; color=&#8221;custom&#8221; size=&#8221;lg&#8221; align=&#8221;center&#8221; css_animation=&#8221;top-to-bottom&#8221; custom_color=&#8221;#e9204f&#8221;][vc_column_text]\n<h5 style=\"text-align: center;\">Portrety<\/h5>\n[\/vc_column_text][\/vc_column_inner][\/vc_row_inner][vc_row_inner thb_column_padding=&#8221;true&#8221;][vc_column_inner][vc_icon type=&#8221;linecons&#8221; icon_linecons=&#8221;vc_li vc_li-megaphone&#8221; color=&#8221;custom&#8221; size=&#8221;lg&#8221; align=&#8221;center&#8221; css_animation=&#8221;top-to-bottom&#8221; custom_color=&#8221;#e9204f&#8221;][vc_column_text]\n<h5 style=\"text-align: center;\">Fotografia Eventowa<\/h5>\n[\/vc_column_text][\/vc_column_inner][\/vc_row_inner][vc_row_inner thb_column_padding=&#8221;true&#8221;][vc_column_inner][vc_icon type=&#8221;linecons&#8221; icon_linecons=&#8221;vc_li vc_li-shop&#8221; color=&#8221;custom&#8221; size=&#8221;lg&#8221; align=&#8221;center&#8221; css_animation=&#8221;top-to-bottom&#8221; custom_color=&#8221;#e9204f&#8221;][vc_column_text]\n<h5 style=\"text-align: center;\">Fotografia Produktowa<\/h5>\n[\/vc_column_text][\/vc_column_inner][\/vc_row_inner][vc_row_inner thb_column_padding=&#8221;true&#8221;][vc_column_inner][vc_icon type=&#8221;linecons&#8221; icon_linecons=&#8221;vc_li vc_li-food&#8221; color=&#8221;custom&#8221; size=&#8221;lg&#8221; align=&#8221;center&#8221; css_animation=&#8221;top-to-bottom&#8221; custom_color=&#8221;#e9204f&#8221;][vc_column_text]\n<h5 style=\"text-align: center;\">Fotografia Kulinarna<\/h5>\n[\/vc_column_text][\/vc_column_inner][\/vc_row_inner][vc_row_inner thb_column_padding=&#8221;true&#8221;][vc_column_inner][vc_icon type=&#8221;linecons&#8221; icon_linecons=&#8221;vc_li vc_li-t-shirt&#8221; color=&#8221;custom&#8221; size=&#8221;lg&#8221; align=&#8221;center&#8221; css_animation=&#8221;top-to-bottom&#8221; custom_color=&#8221;#e9204f&#8221;][vc_column_text]\n<h5 style=\"text-align: center;\">Fotografia Mody<\/h5>\n[\/vc_column_text][\/vc_column_inner][\/vc_row_inner][vc_row_inner thb_column_padding=&#8221;true&#8221;][vc_column_inner][vc_icon type=&#8221;openiconic&#8221; icon_openiconic=&#8221;vc-oi vc-oi-target&#8221; color=&#8221;custom&#8221; size=&#8221;lg&#8221; align=&#8221;center&#8221; css_animation=&#8221;top-to-bottom&#8221; css=&#8221;&#8221; custom_color=&#8221;#e9204f&#8221;][vc_column_text css=&#8221;&#8221;]\n<h5 style=\"text-align: center;\">Fotografia Dronem<\/h5>\n[\/vc_column_text][\/vc_column_inner][\/vc_row_inner]\t\t<\/div>\n\n\t[\/vc_column][\/vc_row][vc_row content_placement=&#8221;top&#8221; css=&#8221;.vc_custom_1661981326310{padding-top: 60px !important;}&#8221;][vc_column width=&#8221;2\/3&#8243;][vc_text_separator title=&#8221;Fotografia&#8221; title_align=&#8221;separator_align_left&#8221; css=&#8221;.vc_custom_1662118578414{padding-right: 20px !important;padding-left: 20px !important;}&#8221;][vc_column_text css=&#8221;.vc_custom_1663972255557{padding-right: 20px !important;padding-left: 20px !important;}&#8221;]Wysokiej jako\u015bci fotografia jest niezb\u0119dnym elementem strategii marketingowej.<\/p>\n<p>Specjalizujemy si\u0119 w fotografii firmowej dla marek i biznes\u00f3w, w tym fotografii produktowej i kuliarnej, imprezach, modzie, nieruchomo\u015bci oraz fotografii korporacyjnej, jak r\u00f3wnie\u017c zdj\u0119ciach portretrowych i prasowych dla wszelkiego typu przedsi\u0119biorc\u00f3w, freelancer\u00f3w i os\u00f3b kreatywnych, w tym artyst\u00f3w, muzyk\u00f3w, czy DJi.<\/p>\n<p>Dodatkowo jeste\u015bmy w stanie zmaksymalizowa\u0107 widoczno\u015b\u0107 Twojej marki dzi\u0119ki naszej wsp\u00f3\u0142pracy z platformami darmowej fotografii stockowej, takimi jak Unsplash i Pexels, gdzie nasze zdj\u0119cia osi\u0105gn\u0119\u0142y miliony wy\u015bwietle\u0144 i by\u0142y wielokrotnie udost\u0119pniane przez takie firmy, jak LadBible, Buzzfeed i GoDaddy, oraz wiele innych.<\/p>\n<p>Aby uzyska\u0107 spersonalizowan\u0105 ofert\u0119 cenow\u0105, skontaktuj si\u0119 z nami za pomoc\u0105 <a href=\"#contactus\">formularza<\/a> na dole strony.[\/vc_column_text][\/vc_column][vc_column width=&#8221;1\/3&#8243;][vc_text_separator title=&#8221;G\u0142\u00f3wne Zalety&#8221; title_align=&#8221;separator_align_left&#8221; css=&#8221;.vc_custom_1663971691272{padding-right: 20px !important;padding-left: 0px !important;}&#8221;]\t<div id=\"thb-iconbox-6a03394cb2d75\" class=\"thb-iconbox left type1 backgroundgrey extrapadding hoverbackgroundaccent    animation-true\" href=\"\" target=\"_self\" data-animation_speed=\"1.5\">\n\t\t\t\t<figure>\n\t\t\t<svg xmlns=\"http:\/\/www.w3.org\/2000\/svg\" viewBox=\"0 0 64 64\" enable-background=\"new 0 0 64 64\"><path fill=\"none\" stroke=\"#000\" stroke-width=\"2\" stroke-miterlimit=\"10\" d=\"m32 47l-20 15 8-24-18-14h22l8-23 8 23h22l-18 14 8 24z\"\/><\/svg>\t\t\t\t\t\t\t\t<\/figure>\n\t\t\t\t<div class=\"iconbox-content\">\n\t\t\t\t\t\t\t<h5>Elastyczne i dogodne<\/h5>\t\t\t<p>W zale\u017cno\u015bci od rodzaju fotografii jeste\u015bmy w stanie zorganizowa\u0107 sesj\u0119 w studio lub bezpo\u015bredni u klienta, korzystaj\u0105c z naszego przeno\u015bnego zestawu o\u015bwietleniowego oraz t\u0142a.<\/p>\n\t\t\t\t\t<\/div>\n\t\t<style>\n\t\t\t\t\t\t\t\t\t#thb-iconbox-6a03394cb2d75.thb-iconbox h5 {\n\t\t\t\tfont-size: 18px;\n\t\t\t}\n\t\t\t\t\t\t\t\t\t\t\t\t#thb-iconbox-6a03394cb2d75.thb-iconbox figure svg path,\n\t\t\t#thb-iconbox-6a03394cb2d75.thb-iconbox figure svg circle,\n\t\t\t#thb-iconbox-6a03394cb2d75.thb-iconbox figure svg rect,\n\t\t\t#thb-iconbox-6a03394cb2d75.thb-iconbox figure svg ellipse {\n\t\t\t\tstroke: #e9204f;\n\t\t\t}\n\t\t\t\t\t\t\t\t\t\t\t\t#thb-iconbox-6a03394cb2d75.thb-iconbox .iconbox-content h5,\n\t\t\t#thb-iconbox-6a03394cb2d75.thb-iconbox figure h5 {\n\t\t\t\tcolor: #000000;\n\t\t\t}\n\t\t\t\t\t\t\t\t\t#thb-iconbox-6a03394cb2d75.thb-iconbox .iconbox-content p,\n\t\t\t#thb-iconbox-6a03394cb2d75.thb-iconbox .iconbox-content span {\n\t\t\t\tcolor: #9a9a9a;\n\t\t\t}\n\n\t\t\t#thb-iconbox-6a03394cb2d75.thb-iconbox .iconbox-content svg,\n\t\t\t#thb-iconbox-6a03394cb2d75.thb-iconbox .iconbox-content svg .bar {\n\t\t\t\tfill: #9a9a9a;\n\t\t\t}\n\t\t\t#thb-iconbox-6a03394cb2d75.thb-iconbox .btn-text.style2:before,\n\t\t\t#thb-iconbox-6a03394cb2d75.thb-iconbox .btn-text.style2:after {\n\t\t\t\tbackground: #9a9a9a;\n\t\t\t}\n\t\t\t\t\t\t\/* Hover *\/\n\t\t\t\t\t\t#thb-iconbox-6a03394cb2d75.thb-iconbox:hover figure svg path,\n\t\t\t#thb-iconbox-6a03394cb2d75.thb-iconbox:hover figure svg circle,\n\t\t\t#thb-iconbox-6a03394cb2d75.thb-iconbox:hover figure svg rect,\n\t\t\t#thb-iconbox-6a03394cb2d75.thb-iconbox:hover figure svg ellipse {\n\t\t\t\tstroke: #ffffff;\n\t\t\t}\n\t\t\t\t\t\t\t\t\t#thb-iconbox-6a03394cb2d75.thb-iconbox:hover .iconbox-content h5,\n\t\t\t#thb-iconbox-6a03394cb2d75.thb-iconbox figure h5 {\n\t\t\t\tcolor: #ffffff;\n\t\t\t}\n\t\t\t\t\t\t\t\t\t#thb-iconbox-6a03394cb2d75.thb-iconbox:hover .iconbox-content p,\n\t\t\t#thb-iconbox-6a03394cb2d75.thb-iconbox:hover .iconbox-content span {\n\t\t\t\tcolor: #ffffff;\n\t\t\t}\n\t\t\t#thb-iconbox-6a03394cb2d75.thb-iconbox:hover .iconbox-content svg,\n\t\t\t#thb-iconbox-6a03394cb2d75.thb-iconbox:hover .iconbox-content svg .bar {\n\t\t\t\tfill: #ffffff;\n\t\t\t}\n\t\t\t#thb-iconbox-6a03394cb2d75.thb-iconbox:hover .btn-text.style2:before,\n\t\t\t#thb-iconbox-6a03394cb2d75.thb-iconbox:hover .btn-text.style2:after {\n\t\t\t\tbackground: #ffffff;\n\t\t\t}\n\t\t\t\t\t<\/style>\n\t<\/div>\n\t[vc_empty_space height=&#8221;30px&#8221;]\t<div id=\"thb-iconbox-6a03394cb3418\" class=\"thb-iconbox left type1 backgroundgrey extrapadding hoverbackgroundaccent    animation-true\" href=\"\" target=\"_self\" data-animation_speed=\"1.5\">\n\t\t\t\t<figure>\n\t\t\t<svg xmlns=\"http:\/\/www.w3.org\/2000\/svg\" viewBox=\"0 0 64 64\" enable-background=\"new 0 0 64 64\"><g fill=\"none\" stroke=\"#000\" stroke-width=\"2\" stroke-miterlimit=\"10\"><path d=\"m29 6h17l17 21-31 31-31-31 17-21h14v52\"\/><path d=\"M32 57 18 27 24 6\"\/><path d=\"m32 57l14-30-6-21\"\/><path d=\"m1 27h62\"\/><\/g><\/svg>\t\t\t\t\t\t\t\t<\/figure>\n\t\t\t\t<div class=\"iconbox-content\">\n\t\t\t\t\t\t\t<h5>Skuteczne i przyci\u0105gaj\u0105ce uwag\u0119<\/h5>\t\t\t<p>Robimy zdj\u0119cia, kt\u00f3re nie tylko \u015bwietnie wygl\u0105daj\u0105, ale oddaj\u0105 istot\u0119 Twojej marki i pomagaj\u0105 zrealizowa\u0107 cele kampanii reklamowej Twojej firmy.<\/p>\n\t\t\t\t\t<\/div>\n\t\t<style>\n\t\t\t\t\t\t\t\t\t#thb-iconbox-6a03394cb3418.thb-iconbox h5 {\n\t\t\t\tfont-size: 18px;\n\t\t\t}\n\t\t\t\t\t\t\t\t\t\t\t\t#thb-iconbox-6a03394cb3418.thb-iconbox figure svg path,\n\t\t\t#thb-iconbox-6a03394cb3418.thb-iconbox figure svg circle,\n\t\t\t#thb-iconbox-6a03394cb3418.thb-iconbox figure svg rect,\n\t\t\t#thb-iconbox-6a03394cb3418.thb-iconbox figure svg ellipse {\n\t\t\t\tstroke: #e9204f;\n\t\t\t}\n\t\t\t\t\t\t\t\t\t\t\t\t#thb-iconbox-6a03394cb3418.thb-iconbox .iconbox-content h5,\n\t\t\t#thb-iconbox-6a03394cb3418.thb-iconbox figure h5 {\n\t\t\t\tcolor: #000000;\n\t\t\t}\n\t\t\t\t\t\t\t\t\t#thb-iconbox-6a03394cb3418.thb-iconbox .iconbox-content p,\n\t\t\t#thb-iconbox-6a03394cb3418.thb-iconbox .iconbox-content span {\n\t\t\t\tcolor: #9a9a9a;\n\t\t\t}\n\n\t\t\t#thb-iconbox-6a03394cb3418.thb-iconbox .iconbox-content svg,\n\t\t\t#thb-iconbox-6a03394cb3418.thb-iconbox .iconbox-content svg .bar {\n\t\t\t\tfill: #9a9a9a;\n\t\t\t}\n\t\t\t#thb-iconbox-6a03394cb3418.thb-iconbox .btn-text.style2:before,\n\t\t\t#thb-iconbox-6a03394cb3418.thb-iconbox .btn-text.style2:after {\n\t\t\t\tbackground: #9a9a9a;\n\t\t\t}\n\t\t\t\t\t\t\/* Hover *\/\n\t\t\t\t\t\t#thb-iconbox-6a03394cb3418.thb-iconbox:hover figure svg path,\n\t\t\t#thb-iconbox-6a03394cb3418.thb-iconbox:hover figure svg circle,\n\t\t\t#thb-iconbox-6a03394cb3418.thb-iconbox:hover figure svg rect,\n\t\t\t#thb-iconbox-6a03394cb3418.thb-iconbox:hover figure svg ellipse {\n\t\t\t\tstroke: #ffffff;\n\t\t\t}\n\t\t\t\t\t\t\t\t\t#thb-iconbox-6a03394cb3418.thb-iconbox:hover .iconbox-content h5,\n\t\t\t#thb-iconbox-6a03394cb3418.thb-iconbox figure h5 {\n\t\t\t\tcolor: #ffffff;\n\t\t\t}\n\t\t\t\t\t\t\t\t\t#thb-iconbox-6a03394cb3418.thb-iconbox:hover .iconbox-content p,\n\t\t\t#thb-iconbox-6a03394cb3418.thb-iconbox:hover .iconbox-content span {\n\t\t\t\tcolor: #ffffff;\n\t\t\t}\n\t\t\t#thb-iconbox-6a03394cb3418.thb-iconbox:hover .iconbox-content svg,\n\t\t\t#thb-iconbox-6a03394cb3418.thb-iconbox:hover .iconbox-content svg .bar {\n\t\t\t\tfill: #ffffff;\n\t\t\t}\n\t\t\t#thb-iconbox-6a03394cb3418.thb-iconbox:hover .btn-text.style2:before,\n\t\t\t#thb-iconbox-6a03394cb3418.thb-iconbox:hover .btn-text.style2:after {\n\t\t\t\tbackground: #ffffff;\n\t\t\t}\n\t\t\t\t\t<\/style>\n\t<\/div>\n\t[vc_empty_space height=&#8221;30px&#8221;][\/vc_column][\/vc_row][vc_row thb_full_width=&#8221;true&#8221; css=&#8221;.vc_custom_1627425099999{padding-top: 50px !important;background-color: #fcfcfc !important;}&#8221;][vc_column][vc_column_text css=&#8221;.vc_custom_1662118571034{margin-bottom: 20px !important;}&#8221; css_animation=&#8221;appear&#8221;]\n<h2 style=\"text-align: center;\">Galeria<\/h2>\n[\/vc_column_text][vc_column_text]\n<p style=\"text-align: center;\">Oto niekt\u00f3re z naszych niedawnych sesji<\/p>\n[\/vc_column_text][vc_separator color=&#8221;custom&#8221; el_width=&#8221;10&#8243; accent_color=&#8221;#fa0000&#8243;][vc_empty_space][vc_row_inner content_placement=&#8221;middle&#8221;][vc_column_inner][vc_empty_space][vc_masonry_media_grid style=&#8221;load-more&#8221; items_per_page=&#8221;8&#8243; element_width=&#8221;3&#8243; gap=&#8221;30&#8243; item=&#8221;masonryMedia_ScaleWithRotationLight&#8221; css=&#8221;&#8221; btn_style=&#8221;modern&#8221; btn_color=&#8221;default&#8221; btn_size=&#8221;xs&#8221; btn_align=&#8221;center&#8221; grid_id=&#8221;vc_gid:1752592676012-0b20e186-fd64-0&#8243; include=&#8221;9915,9918,10468,10465,13110,10461,12253&#8243;][vc_empty_space][\/vc_column_inner][\/vc_row_inner][\/vc_column][\/vc_row][vc_row css=&#8221;.vc_custom_1511367811874{padding-top: 60px !important;}&#8221; el_id=&#8221;contactus&#8221;][vc_column width=&#8221;1\/4&#8243;][\/vc_column][vc_column width=&#8221;1\/2&#8243;][vc_column_text]\n<h2 style=\"text-align: center;\">Wy\u015blij Wiadomo\u015b\u0107<\/h2>\n[\/vc_column_text][vc_separator color=&#8221;custom&#8221; el_width=&#8221;20&#8243; accent_color=&#8221;#ff0000&#8243;]\n<div class=\"wpcf7 no-js\" id=\"wpcf7-f10675-o1\" lang=\"en-US\" dir=\"ltr\" data-wpcf7-id=\"10675\">\n<div class=\"screen-reader-response\"><p role=\"status\" aria-live=\"polite\" aria-atomic=\"true\"><\/p> <ul><\/ul><\/div>\n<form action=\"\/pl\/wp-json\/wp\/v2\/pages\/10716#wpcf7-f10675-o1\" method=\"post\" class=\"wpcf7-form init\" aria-label=\"Contact form\" novalidate=\"novalidate\" data-status=\"init\">\n<fieldset class=\"hidden-fields-container\"><input type=\"hidden\" name=\"_wpcf7\" value=\"10675\" \/><input type=\"hidden\" name=\"_wpcf7_version\" value=\"6.1.5\" \/><input type=\"hidden\" name=\"_wpcf7_locale\" value=\"en_US\" \/><input type=\"hidden\" name=\"_wpcf7_unit_tag\" value=\"wpcf7-f10675-o1\" \/><input type=\"hidden\" name=\"_wpcf7_container_post\" value=\"0\" \/><input type=\"hidden\" name=\"_wpcf7_posted_data_hash\" value=\"\" \/>\n<\/fieldset>\n<div id=\"responsive-form\" class=\"clearfix\">\n\t<div class=\"form-row\">\n\t\t<div class=\"column-half\">\n\t\t\t<p><span class=\"wpcf7-form-control-wrap\" data-name=\"text-134\"><input size=\"40\" maxlength=\"400\" class=\"wpcf7-form-control wpcf7-text wpcf7-validates-as-required\" aria-required=\"true\" aria-invalid=\"false\" placeholder=\"Twoje imi\u0119\" value=\"\" type=\"text\" name=\"text-134\" \/><\/span>\n\t\t\t<\/p>\n\t\t<\/div>\n\t\t<div class=\"column-half\">\n\t\t\t<p><span class=\"wpcf7-form-control-wrap\" data-name=\"email-637\"><input size=\"40\" maxlength=\"400\" class=\"wpcf7-form-control wpcf7-email wpcf7-validates-as-required wpcf7-text wpcf7-validates-as-email\" aria-required=\"true\" aria-invalid=\"false\" placeholder=\"Tw\u00f3j e-mail\" value=\"\" type=\"email\" name=\"email-637\" \/><\/span>\n\t\t\t<\/p>\n\t\t<\/div>\n\t<\/div>\n\t<div class=\"form-row\">\n\t\t<div class=\"column-full\">\n\t\t\t<p><span class=\"wpcf7-form-control-wrap\" data-name=\"textarea-315\"><textarea cols=\"40\" rows=\"10\" maxlength=\"2000\" class=\"wpcf7-form-control wpcf7-textarea\" aria-invalid=\"false\" placeholder=\"Twoja wiadomo\u015b\u0107...\" name=\"textarea-315\"><\/textarea><\/span>\n\t\t\t<\/p>\n\t\t<\/div>\n\t<\/div>\n\t<div class=\"form-row\">\n\t\t<div class=\"column-full\">\n\t\t\t<p><input class=\"wpcf7-form-control wpcf7-submit has-spinner\" type=\"submit\" value=\"Wy\u015blij\" \/>\n\t\t\t<\/p>\n\t\t<\/div>\n\t<\/div>\n\t<div class=\"form-row\">\n\t\t<div class=\"column-full\" style=\"font-size:11px; margin-top:25px;\">\n\t\t\t<p>This site is protected by reCAPTCHA and the Google. <a href=\"https:\/\/policies.google.com\/privacy\">Privacy Policy<\/a> and <a href=\"https:\/\/policies.google.com\/terms\">Terms of Service<\/a> apply.\n\t\t\t<\/p>\n\t\t<\/div>\n\t<\/div>\n<\/div><!--end responsive-form--><div class=\"wpcf7-response-output\" aria-hidden=\"true\"><\/div>\n<\/form>\n<\/div>\n[\/vc_column][vc_column width=&#8221;1\/4&#8243;][\/vc_column][\/vc_row]\n<\/div>","protected":false},"excerpt":{"rendered":"<p>[vc_row thb_full_width=&#8221;true&#8221; thb_row_padding=&#8221;true&#8221; thb_column_padding=&#8221;true&#8221; thb_shape_divider=&#8221;true&#8221; point_down=&#8221;yes&#8221; css=&#8221;.vc_custom_1659516689239{background-image: url(https:\/\/www.groovelanddesigns.co.uk\/wp-content\/uploads\/2021\/08\/photography2.jpg?id=9927) !important;background-position: center !important;background-repeat: no-repeat !important;background-size: cover !important;}&#8221; el_class=&#8221;minheight60vh herosectiontransparent&#8221; divider_shape=&#8221;grunge&#8221; thb_divider_color=&#8221;#ffffff&#8221;][vc_column][vc_row_inner thb_column_padding=&#8221;true&#8221; content_placement=&#8221;middle&#8221;][vc_column_inner thb_color=&#8221;thb-light-column&#8221; offset=&#8221;vc_col-lg-12 vc_col-md-12&#8243;][vc_custom_heading source=&#8221;post_title&#8221; font_container=&#8221;tag:h1|text_align:center&#8221; use_theme_fonts=&#8221;yes&#8221; el_class=&#8221;headingtitle&#8221;][vc_empty_space height=&#8221;12px&#8221;][vc_column_text animation=&#8221;animation fade-in&#8221; el_class=&#8221;hiddenmobile&#8221;] Podstawa profesjonalnego wizerunku Twojej firmy [\/vc_column_text][\/vc_column_inner][\/vc_row_inner][\/vc_column][\/vc_row][vc_row thb_column_padding=&#8221;true&#8221;][vc_column][\/vc_column][\/vc_row][vc_row content_placement=&#8221;top&#8221; css=&#8221;.vc_custom_1661981326310{padding-top: 60px !important;}&#8221;][vc_column width=&#8221;2\/3&#8243;][vc_text_separator title=&#8221;Fotografia&#8221; title_align=&#8221;separator_align_left&#8221; css=&#8221;.vc_custom_1662118578414{padding-right: 20px !important;padding-left: 20px !important;}&#8221;][vc_column_text css=&#8221;.vc_custom_1663972255557{padding-right: 20px !important;padding-left: 20px&hellip;<\/p>\n","protected":false},"author":1,"featured_media":9928,"parent":0,"menu_order":0,"comment_status":"closed","ping_status":"closed","template":"","meta":{"footnotes":""},"class_list":["post-10716","page","type-page","status-publish","has-post-thumbnail","hentry"],"aioseo_notices":[],"_links":{"self":[{"href":"https:\/\/www.groovelanddesigns.co.uk\/pl\/wp-json\/wp\/v2\/pages\/10716","targetHints":{"allow":["GET"]}}],"collection":[{"href":"https:\/\/www.groovelanddesigns.co.uk\/pl\/wp-json\/wp\/v2\/pages"}],"about":[{"href":"https:\/\/www.groovelanddesigns.co.uk\/pl\/wp-json\/wp\/v2\/types\/page"}],"author":[{"embeddable":true,"href":"https:\/\/www.groovelanddesigns.co.uk\/pl\/wp-json\/wp\/v2\/users\/1"}],"replies":[{"embeddable":true,"href":"https:\/\/www.groovelanddesigns.co.uk\/pl\/wp-json\/wp\/v2\/comments?post=10716"}],"version-history":[{"count":3,"href":"https:\/\/www.groovelanddesigns.co.uk\/pl\/wp-json\/wp\/v2\/pages\/10716\/revisions"}],"predecessor-version":[{"id":13117,"href":"https:\/\/www.groovelanddesigns.co.uk\/pl\/wp-json\/wp\/v2\/pages\/10716\/revisions\/13117"}],"wp:featuredmedia":[{"embeddable":true,"href":"https:\/\/www.groovelanddesigns.co.uk\/pl\/wp-json\/wp\/v2\/media\/9928"}],"wp:attachment":[{"href":"https:\/\/www.groovelanddesigns.co.uk\/pl\/wp-json\/wp\/v2\/media?parent=10716"}],"curies":[{"name":"wp","href":"https:\/\/api.w.org\/{rel}","templated":true}]}}