{"id":13075,"date":"2025-07-17T18:48:34","date_gmt":"2025-07-17T18:48:34","guid":{"rendered":"https:\/\/www.groovelanddesigns.co.uk\/?page_id=13075"},"modified":"2025-07-18T09:20:00","modified_gmt":"2025-07-18T09:20:00","slug":"uslugi-dronem","status":"publish","type":"page","link":"https:\/\/www.groovelanddesigns.co.uk\/pl\/uslugi-dronem\/","title":{"rendered":"Us\u0142ugi Dronem"},"content":{"rendered":"<div class=\"wpb-content-wrapper\">[vc_row thb_full_width=&#8221;true&#8221; thb_row_padding=&#8221;true&#8221; thb_column_padding=&#8221;true&#8221; thb_shape_divider=&#8221;true&#8221; point_down=&#8221;yes&#8221; css=&#8221;.vc_custom_1750889900338{background-image: url(https:\/\/www.groovelanddesigns.co.uk\/wp-content\/uploads\/2025\/06\/droneservicescardiff2.jpg?id=12996) !important;background-position: center !important;background-repeat: no-repeat !important;background-size: cover !important;}&#8221; el_class=&#8221;minheight60vh herosectiontransparent&#8221; divider_shape=&#8221;grunge&#8221; thb_divider_color=&#8221;#ffffff&#8221;][vc_column][vc_row_inner thb_column_padding=&#8221;true&#8221; content_placement=&#8221;middle&#8221;][vc_column_inner thb_color=&#8221;thb-light-column&#8221; offset=&#8221;vc_col-lg-12 vc_col-md-12&#8243;][vc_custom_heading text=&#8221;Us\u0142ugi Dronem&#8221; font_container=&#8221;tag:h1|text_align:center&#8221; use_theme_fonts=&#8221;yes&#8221; css=&#8221;&#8221; el_class=&#8221;headingtitle&#8221;][vc_empty_space height=&#8221;12px&#8221;][vc_column_text css=&#8221;&#8221; animation=&#8221;animation fade-in&#8221; el_class=&#8221;hiddenmobile&#8221;]\n<p style=\"text-align: center;\"><span style=\"color: #ffffff;\">Filmy i zdj\u0119cia z drona<\/span><\/p>\n[\/vc_column_text][vc_empty_space height=&#8221;30px&#8221;][\/vc_column_inner][\/vc_row_inner][\/vc_column][\/vc_row][vc_row thb_column_padding=&#8221;true&#8221;][vc_column]\t\t<div class=\"row thb-content-carousel thb-carousel regular-padding   \" id=\"content-carousel-687\" data-columns=\"thb-5\" data-autoplay=\"true\" data-autoplay-speed=\"1000\" data-pagination=\"\" data-infinite=\"false\" data-navigation=\"\">\n\t\t\t[vc_row_inner thb_column_padding=&#8221;true&#8221;][vc_column_inner][vc_icon type=&#8221;linecons&#8221; icon_linecons=&#8221;vc_li vc_li-camera&#8221; color=&#8221;custom&#8221; size=&#8221;lg&#8221; align=&#8221;center&#8221; css_animation=&#8221;top-to-bottom&#8221; css=&#8221;&#8221; custom_color=&#8221;#e9204f&#8221;][vc_column_text css=&#8221;&#8221;]\n<h5 style=\"text-align: center;\">Fotografia Dronem<\/h5>\n[\/vc_column_text][\/vc_column_inner][\/vc_row_inner][vc_row_inner thb_column_padding=&#8221;true&#8221;][vc_column_inner][vc_icon type=&#8221;linecons&#8221; icon_linecons=&#8221;vc_li vc_li-video&#8221; color=&#8221;custom&#8221; size=&#8221;lg&#8221; align=&#8221;center&#8221; css_animation=&#8221;top-to-bottom&#8221; css=&#8221;&#8221; custom_color=&#8221;#e9204f&#8221;][vc_column_text css=&#8221;&#8221;]\n<h5 style=\"text-align: center;\">Filmy Dronem<\/h5>\n[\/vc_column_text][\/vc_column_inner][\/vc_row_inner][vc_row_inner thb_column_padding=&#8221;true&#8221;][vc_column_inner][vc_icon type=&#8221;linecons&#8221; icon_linecons=&#8221;vc_li vc_li-shop&#8221; color=&#8221;custom&#8221; size=&#8221;lg&#8221; align=&#8221;center&#8221; css_animation=&#8221;top-to-bottom&#8221; css=&#8221;&#8221; custom_color=&#8221;#e9204f&#8221;][vc_column_text css=&#8221;&#8221;]\n<h5 style=\"text-align: center;\">Nieruchomo\u015bci<\/h5>\n[\/vc_column_text][\/vc_column_inner][\/vc_row_inner][vc_row_inner thb_column_padding=&#8221;true&#8221;][vc_column_inner][vc_icon type=&#8221;linecons&#8221; icon_linecons=&#8221;vc_li vc_li-megaphone&#8221; color=&#8221;custom&#8221; size=&#8221;lg&#8221; align=&#8221;center&#8221; css_animation=&#8221;top-to-bottom&#8221; css=&#8221;&#8221; custom_color=&#8221;#e9204f&#8221;][vc_column_text css=&#8221;&#8221;]\n<h5 style=\"text-align: center;\">Imprezy<\/h5>\n[\/vc_column_text][\/vc_column_inner][\/vc_row_inner][vc_row_inner thb_column_padding=&#8221;true&#8221;][vc_column_inner][vc_icon type=&#8221;linecons&#8221; icon_linecons=&#8221;vc_li vc_li-search&#8221; color=&#8221;custom&#8221; size=&#8221;lg&#8221; align=&#8221;center&#8221; css_animation=&#8221;top-to-bottom&#8221; css=&#8221;&#8221; custom_color=&#8221;#e9204f&#8221;][vc_column_text css=&#8221;&#8221;]\n<h5 style=\"text-align: center;\">Inspekcje<\/h5>\n[\/vc_column_text][\/vc_column_inner][\/vc_row_inner]\t\t<\/div>\n\n\t[\/vc_column][\/vc_row][vc_row content_placement=&#8221;top&#8221; css=&#8221;.vc_custom_1661981326310{padding-top: 60px !important;}&#8221;][vc_column width=&#8221;2\/3&#8243;][vc_text_separator title=&#8221;Us\u0142ugi Dronem&#8221; title_align=&#8221;separator_align_left&#8221; css=&#8221;.vc_custom_1751233509412{padding-right: 20px !important;padding-left: 20px !important;}&#8221;][vc_column_text css=&#8221;.vc_custom_1751234891032{padding-right: 20px !important;padding-left: 20px !important;}&#8221;]Je\u015bli szukasz profesjonalnych us\u0142ug filmowania i fotografii dronem w Cardiff i UK to jeste\u015b we w\u0142a\u015bciwym miejscu.<\/p>\n<p>Specjalizujemy si\u0119 w tworzeniu wysokiej jako\u015bci uj\u0119\u0107 z powietrza w rozdzielczo\u015bci 4K &#8211; idealnych do film\u00f3w promocyjnych, prezentacji nieruchomo\u015bci, dokumentacji budowlanych, wydarze\u0144, dzia\u0142a\u0144 marketingowych oraz medi\u00f3w spo\u0142eczno\u015bciowych.<\/p>\n<p>Od kr\u00f3tkich klip\u00f3w na social media i inspekcji dach\u00f3w, po filmowe uj\u0119cia architektury &#8211; dostarczamy wysokiej jako\u015bci, profesjonalnie przygotowany materia\u0142 wizualny, dopasowany do Twojego projektu. Nasze uj\u0119cia z drona wnosz\u0105 klarowno\u015b\u0107, klimat i unikaln\u0105 perspektyw\u0119, kt\u00f3rej nie da si\u0119 osi\u0105gn\u0105\u0107 z ziemi.<\/p>\n<p>Realizujemy zar\u00f3wno pojedyncze zlecenia, jak i wi\u0119ksze produkcje &#8211; w zale\u017cno\u015bci od potrzeb klienta. Zapewniamy szybki czas realizacji oraz materia\u0142 gotowy do publikacji na dowolnych platformach \u2013 od medi\u00f3w spo\u0142eczno\u015bciowych po prezentacje firmowe i telewizj\u0119.<\/p>\n<p>Jeste\u015bmy licencjonowanym operatorem dron\u00f3w, zarejestrowanym w CAA i obj\u0119tym pe\u0142nym ubezpieczeniem OC. Posiadamy uprawnienia do wykonywania lot\u00f3w r\u00f3wnie\u017c w przestrzeni miejskiej, zgodnie z obowi\u0105zuj\u0105cymi przepisami. Bezpiecze\u0144stwo, zgodno\u015b\u0107 z regulacjami oraz pe\u0142en profesjonalizm to standard, kt\u00f3rego zawsze przestrzegamy.<\/p>\n<p>Opr\u00f3cz realizacji zlece\u0144 na zam\u00f3wienie, stale rozwijamy nasz\u0105 bibliotek\u0119 gotowych uj\u0119\u0107 i zdj\u0119\u0107 z drona, dost\u0119pnych do licencjonowania na platformach takich jak <a href=\"https:\/\/www.shutterstock.com\/en\/g\/Grooveland+Designs\/video?rid=265505804\">Shutterstock<\/a>, <a href=\"https:\/\/stock.adobe.com\/contributor\/210241044\/Grooveland%20Designs\">Adobe Stock<\/a>, <a href=\"https:\/\/www.istockphoto.com\/portfolio\/GroovelandDesigns?assettype=film\">GettyImages<\/a>, czy <a href=\"https:\/\/www.pond5.com\/artist\/groovelanddesigns?ref=groovelanddesigns\">Pond5<\/a>. To \u015bwietna, bardziej ekonomiczna alternatywa dla klient\u00f3w, kt\u00f3rzy potrzebuj\u0105 wysokiej jako\u015bci materia\u0142y foto i wideo bez konieczno\u015bci zamawiania indywidualnych nagra\u0144.<\/p>\n<p>Aby uzyska\u0107 wi\u0119cej informacji na temat filmowania i fotografii z drona, zapraszamy do kontaktu za pomoc\u0105 <a href=\"#contactus\">poni\u017cszego formularza<\/a>.[\/vc_column_text][\/vc_column][vc_column width=&#8221;1\/3&#8243;][vc_text_separator title=&#8221;G\u0142\u00f3wne Zalety&#8221; title_align=&#8221;separator_align_left&#8221; css=&#8221;.vc_custom_1751201072004{padding-right: 20px !important;padding-left: 0px !important;}&#8221;]\t<div id=\"thb-iconbox-69e7574d26ab0\" class=\"thb-iconbox left type1 backgroundgrey extrapadding hoverbackgroundaccent    animation-true\" href=\"\" target=\"_self\" data-animation_speed=\"1.5\">\n\t\t\t\t<figure>\n\t\t\t<svg xmlns=\"http:\/\/www.w3.org\/2000\/svg\" viewBox=\"0 0 64 64\" enable-background=\"new 0 0 64 64\"><path fill=\"none\" stroke=\"#000\" stroke-width=\"2\" stroke-miterlimit=\"10\" d=\"m32 47l-20 15 8-24-18-14h22l8-23 8 23h22l-18 14 8 24z\"\/><\/svg>\t\t\t\t\t\t\t\t<\/figure>\n\t\t\t\t<div class=\"iconbox-content\">\n\t\t\t\t\t\t\t<h5>Ubezpieczenie i zezwolenia od CAA<\/h5>\t\t\t<p>Ka\u017cdy lot jest wykonywany przez wykwalifikowanego, do\u015bwiadczonego pilota i obj\u0119ty pe\u0142nym ubezpieczeniem OC na kwot\u0119 5 milion\u00f3w funt\u00f3w - zapewniaj\u0105c Ci pe\u0142en spok\u00f3j od startu a\u017c po dostarczenie materia\u0142u.<\/p>\n\t\t\t\t\t<\/div>\n\t\t<style>\n\t\t\t\t\t\t\t\t\t#thb-iconbox-69e7574d26ab0.thb-iconbox h5 {\n\t\t\t\tfont-size: 18px;\n\t\t\t}\n\t\t\t\t\t\t\t\t\t\t\t\t#thb-iconbox-69e7574d26ab0.thb-iconbox figure svg path,\n\t\t\t#thb-iconbox-69e7574d26ab0.thb-iconbox figure svg circle,\n\t\t\t#thb-iconbox-69e7574d26ab0.thb-iconbox figure svg rect,\n\t\t\t#thb-iconbox-69e7574d26ab0.thb-iconbox figure svg ellipse {\n\t\t\t\tstroke: #e9204f;\n\t\t\t}\n\t\t\t\t\t\t\t\t\t\t\t\t#thb-iconbox-69e7574d26ab0.thb-iconbox .iconbox-content h5,\n\t\t\t#thb-iconbox-69e7574d26ab0.thb-iconbox figure h5 {\n\t\t\t\tcolor: #000000;\n\t\t\t}\n\t\t\t\t\t\t\t\t\t#thb-iconbox-69e7574d26ab0.thb-iconbox .iconbox-content p,\n\t\t\t#thb-iconbox-69e7574d26ab0.thb-iconbox .iconbox-content span {\n\t\t\t\tcolor: #2D2D2D;\n\t\t\t}\n\n\t\t\t#thb-iconbox-69e7574d26ab0.thb-iconbox .iconbox-content svg,\n\t\t\t#thb-iconbox-69e7574d26ab0.thb-iconbox .iconbox-content svg .bar {\n\t\t\t\tfill: #2D2D2D;\n\t\t\t}\n\t\t\t#thb-iconbox-69e7574d26ab0.thb-iconbox .btn-text.style2:before,\n\t\t\t#thb-iconbox-69e7574d26ab0.thb-iconbox .btn-text.style2:after {\n\t\t\t\tbackground: #2D2D2D;\n\t\t\t}\n\t\t\t\t\t\t\/* Hover *\/\n\t\t\t\t\t\t#thb-iconbox-69e7574d26ab0.thb-iconbox:hover figure svg path,\n\t\t\t#thb-iconbox-69e7574d26ab0.thb-iconbox:hover figure svg circle,\n\t\t\t#thb-iconbox-69e7574d26ab0.thb-iconbox:hover figure svg rect,\n\t\t\t#thb-iconbox-69e7574d26ab0.thb-iconbox:hover figure svg ellipse {\n\t\t\t\tstroke: #ffffff;\n\t\t\t}\n\t\t\t\t\t\t\t\t\t#thb-iconbox-69e7574d26ab0.thb-iconbox:hover .iconbox-content h5,\n\t\t\t#thb-iconbox-69e7574d26ab0.thb-iconbox figure h5 {\n\t\t\t\tcolor: #ffffff;\n\t\t\t}\n\t\t\t\t\t\t\t\t\t#thb-iconbox-69e7574d26ab0.thb-iconbox:hover .iconbox-content p,\n\t\t\t#thb-iconbox-69e7574d26ab0.thb-iconbox:hover .iconbox-content span {\n\t\t\t\tcolor: #ffffff;\n\t\t\t}\n\t\t\t#thb-iconbox-69e7574d26ab0.thb-iconbox:hover .iconbox-content svg,\n\t\t\t#thb-iconbox-69e7574d26ab0.thb-iconbox:hover .iconbox-content svg .bar {\n\t\t\t\tfill: #ffffff;\n\t\t\t}\n\t\t\t#thb-iconbox-69e7574d26ab0.thb-iconbox:hover .btn-text.style2:before,\n\t\t\t#thb-iconbox-69e7574d26ab0.thb-iconbox:hover .btn-text.style2:after {\n\t\t\t\tbackground: #ffffff;\n\t\t\t}\n\t\t\t\t\t<\/style>\n\t<\/div>\n\t[vc_empty_space height=&#8221;30px&#8221;]\t<div id=\"thb-iconbox-69e7574d26de0\" class=\"thb-iconbox left type1 backgroundgrey extrapadding hoverbackgroundaccent    animation-true\" href=\"\" target=\"_self\" data-animation_speed=\"1.5\">\n\t\t\t\t<figure>\n\t\t\t<svg xmlns=\"http:\/\/www.w3.org\/2000\/svg\" viewBox=\"0 0 64 64\" enable-background=\"new 0 0 64 64\"><g fill=\"none\" stroke=\"#000\" stroke-width=\"2\" stroke-miterlimit=\"10\"><path d=\"m29 6h17l17 21-31 31-31-31 17-21h14v52\"\/><path d=\"M32 57 18 27 24 6\"\/><path d=\"m32 57l14-30-6-21\"\/><path d=\"m1 27h62\"\/><\/g><\/svg>\t\t\t\t\t\t\t\t<\/figure>\n\t\t\t\t<div class=\"iconbox-content\">\n\t\t\t\t\t\t\t<h5>Kinowe uj\u0119cia z drona w 4K<\/h5>\t\t\t<p>Kr\u0119cimy wysokiej jako\u015bci filmy i zdj\u0119cia z drona, poddane profesjonalnej korekcji kolorystycznej, dopasowanej do potrzeb Twojego projektu. Nasz lekkie drony umo\u017cliwiaj\u0105 bezpieczne loty w terenie zabudowanym - zar\u00f3wno w dzie\u0144, jak i w nocy.<\/p>\n\t\t\t\t\t<\/div>\n\t\t<style>\n\t\t\t\t\t\t\t\t\t#thb-iconbox-69e7574d26de0.thb-iconbox h5 {\n\t\t\t\tfont-size: 18px;\n\t\t\t}\n\t\t\t\t\t\t\t\t\t\t\t\t#thb-iconbox-69e7574d26de0.thb-iconbox figure svg path,\n\t\t\t#thb-iconbox-69e7574d26de0.thb-iconbox figure svg circle,\n\t\t\t#thb-iconbox-69e7574d26de0.thb-iconbox figure svg rect,\n\t\t\t#thb-iconbox-69e7574d26de0.thb-iconbox figure svg ellipse {\n\t\t\t\tstroke: #e9204f;\n\t\t\t}\n\t\t\t\t\t\t\t\t\t\t\t\t#thb-iconbox-69e7574d26de0.thb-iconbox .iconbox-content h5,\n\t\t\t#thb-iconbox-69e7574d26de0.thb-iconbox figure h5 {\n\t\t\t\tcolor: #000000;\n\t\t\t}\n\t\t\t\t\t\t\t\t\t#thb-iconbox-69e7574d26de0.thb-iconbox .iconbox-content p,\n\t\t\t#thb-iconbox-69e7574d26de0.thb-iconbox .iconbox-content span {\n\t\t\t\tcolor: #2D2D2D;\n\t\t\t}\n\n\t\t\t#thb-iconbox-69e7574d26de0.thb-iconbox .iconbox-content svg,\n\t\t\t#thb-iconbox-69e7574d26de0.thb-iconbox .iconbox-content svg .bar {\n\t\t\t\tfill: #2D2D2D;\n\t\t\t}\n\t\t\t#thb-iconbox-69e7574d26de0.thb-iconbox .btn-text.style2:before,\n\t\t\t#thb-iconbox-69e7574d26de0.thb-iconbox .btn-text.style2:after {\n\t\t\t\tbackground: #2D2D2D;\n\t\t\t}\n\t\t\t\t\t\t\/* Hover *\/\n\t\t\t\t\t\t#thb-iconbox-69e7574d26de0.thb-iconbox:hover figure svg path,\n\t\t\t#thb-iconbox-69e7574d26de0.thb-iconbox:hover figure svg circle,\n\t\t\t#thb-iconbox-69e7574d26de0.thb-iconbox:hover figure svg rect,\n\t\t\t#thb-iconbox-69e7574d26de0.thb-iconbox:hover figure svg ellipse {\n\t\t\t\tstroke: #ffffff;\n\t\t\t}\n\t\t\t\t\t\t\t\t\t#thb-iconbox-69e7574d26de0.thb-iconbox:hover .iconbox-content h5,\n\t\t\t#thb-iconbox-69e7574d26de0.thb-iconbox figure h5 {\n\t\t\t\tcolor: #ffffff;\n\t\t\t}\n\t\t\t\t\t\t\t\t\t#thb-iconbox-69e7574d26de0.thb-iconbox:hover .iconbox-content p,\n\t\t\t#thb-iconbox-69e7574d26de0.thb-iconbox:hover .iconbox-content span {\n\t\t\t\tcolor: #ffffff;\n\t\t\t}\n\t\t\t#thb-iconbox-69e7574d26de0.thb-iconbox:hover .iconbox-content svg,\n\t\t\t#thb-iconbox-69e7574d26de0.thb-iconbox:hover .iconbox-content svg .bar {\n\t\t\t\tfill: #ffffff;\n\t\t\t}\n\t\t\t#thb-iconbox-69e7574d26de0.thb-iconbox:hover .btn-text.style2:before,\n\t\t\t#thb-iconbox-69e7574d26de0.thb-iconbox:hover .btn-text.style2:after {\n\t\t\t\tbackground: #ffffff;\n\t\t\t}\n\t\t\t\t\t<\/style>\n\t<\/div>\n\t[vc_empty_space height=&#8221;30px&#8221;][\/vc_column][\/vc_row][vc_row thb_full_width=&#8221;true&#8221; css=&#8221;.vc_custom_1752830297216{padding-top: 50px !important;background-color: #fcfcfc !important;}&#8221;][vc_column][vc_column_text css=&#8221;.vc_custom_1752830344114{margin-bottom: 20px !important;}&#8221; css_animation=&#8221;appear&#8221;]\n<h2 style=\"text-align: center;\">Galeria<\/h2>\n[\/vc_column_text][vc_column_text css=&#8221;&#8221;]\n<p style=\"text-align: center;\">Oto niekt\u00f3re z naszych uj\u0119\u0107 z drona<\/p>\n[\/vc_column_text][vc_separator color=&#8221;custom&#8221; el_width=&#8221;10&#8243; accent_color=&#8221;#fa0000&#8243;][vc_empty_space][vc_row_inner content_placement=&#8221;middle&#8221;][vc_column_inner][vc_empty_space][vc_masonry_media_grid style=&#8221;load-more&#8221; items_per_page=&#8221;8&#8243; element_width=&#8221;6&#8243; gap=&#8221;30&#8243; css=&#8221;&#8221; btn_style=&#8221;modern&#8221; btn_color=&#8221;default&#8221; btn_size=&#8221;xs&#8221; btn_align=&#8221;center&#8221; grid_id=&#8221;vc_gid:1752830282794-1071ac40-8078-10&#8243; include=&#8221;13135,13132,13129,13138&#8243;][vc_empty_space][\/vc_column_inner][\/vc_row_inner][\/vc_column][\/vc_row][vc_row css=&#8221;.vc_custom_1511367811874{padding-top: 60px !important;}&#8221; el_id=&#8221;contactus&#8221;][vc_column width=&#8221;1\/4&#8243;][\/vc_column][vc_column width=&#8221;1\/2&#8243;][vc_column_text css=&#8221;&#8221;]\n<h2 style=\"text-align: center;\">Wy\u015blij Wiadomo\u015b\u0107<\/h2>\n[\/vc_column_text][vc_separator color=&#8221;custom&#8221; el_width=&#8221;20&#8243; accent_color=&#8221;#ff0000&#8243;]\n<div class=\"wpcf7 no-js\" id=\"wpcf7-f10675-o1\" lang=\"en-US\" dir=\"ltr\" data-wpcf7-id=\"10675\">\n<div class=\"screen-reader-response\"><p role=\"status\" aria-live=\"polite\" aria-atomic=\"true\"><\/p> <ul><\/ul><\/div>\n<form action=\"\/pl\/wp-json\/wp\/v2\/pages\/13075#wpcf7-f10675-o1\" method=\"post\" class=\"wpcf7-form init\" aria-label=\"Contact form\" novalidate=\"novalidate\" data-status=\"init\">\n<fieldset class=\"hidden-fields-container\"><input type=\"hidden\" name=\"_wpcf7\" value=\"10675\" \/><input type=\"hidden\" name=\"_wpcf7_version\" value=\"6.1.5\" \/><input type=\"hidden\" name=\"_wpcf7_locale\" value=\"en_US\" \/><input type=\"hidden\" name=\"_wpcf7_unit_tag\" value=\"wpcf7-f10675-o1\" \/><input type=\"hidden\" name=\"_wpcf7_container_post\" value=\"0\" \/><input type=\"hidden\" name=\"_wpcf7_posted_data_hash\" value=\"\" \/>\n<\/fieldset>\n<div id=\"responsive-form\" class=\"clearfix\">\n\t<div class=\"form-row\">\n\t\t<div class=\"column-half\">\n\t\t\t<p><span class=\"wpcf7-form-control-wrap\" data-name=\"text-134\"><input size=\"40\" maxlength=\"400\" class=\"wpcf7-form-control wpcf7-text wpcf7-validates-as-required\" aria-required=\"true\" aria-invalid=\"false\" placeholder=\"Twoje imi\u0119\" value=\"\" type=\"text\" name=\"text-134\" \/><\/span>\n\t\t\t<\/p>\n\t\t<\/div>\n\t\t<div class=\"column-half\">\n\t\t\t<p><span class=\"wpcf7-form-control-wrap\" data-name=\"email-637\"><input size=\"40\" maxlength=\"400\" class=\"wpcf7-form-control wpcf7-email wpcf7-validates-as-required wpcf7-text wpcf7-validates-as-email\" aria-required=\"true\" aria-invalid=\"false\" placeholder=\"Tw\u00f3j e-mail\" value=\"\" type=\"email\" name=\"email-637\" \/><\/span>\n\t\t\t<\/p>\n\t\t<\/div>\n\t<\/div>\n\t<div class=\"form-row\">\n\t\t<div class=\"column-full\">\n\t\t\t<p><span class=\"wpcf7-form-control-wrap\" data-name=\"textarea-315\"><textarea cols=\"40\" rows=\"10\" maxlength=\"2000\" class=\"wpcf7-form-control wpcf7-textarea\" aria-invalid=\"false\" placeholder=\"Twoja wiadomo\u015b\u0107...\" name=\"textarea-315\"><\/textarea><\/span>\n\t\t\t<\/p>\n\t\t<\/div>\n\t<\/div>\n\t<div class=\"form-row\">\n\t\t<div class=\"column-full\">\n\t\t\t<p><input class=\"wpcf7-form-control wpcf7-submit has-spinner\" type=\"submit\" value=\"Wy\u015blij\" \/>\n\t\t\t<\/p>\n\t\t<\/div>\n\t<\/div>\n\t<div class=\"form-row\">\n\t\t<div class=\"column-full\" style=\"font-size:11px; margin-top:25px;\">\n\t\t\t<p>This site is protected by reCAPTCHA and the Google. <a href=\"https:\/\/policies.google.com\/privacy\">Privacy Policy<\/a> and <a href=\"https:\/\/policies.google.com\/terms\">Terms of Service<\/a> apply.\n\t\t\t<\/p>\n\t\t<\/div>\n\t<\/div>\n<\/div><!--end responsive-form--><div class=\"wpcf7-response-output\" aria-hidden=\"true\"><\/div>\n<\/form>\n<\/div>\n[\/vc_column][vc_column width=&#8221;1\/4&#8243;][\/vc_column][\/vc_row][vc_row][vc_column][vc_empty_space][\/vc_column][\/vc_row]\n<\/div>","protected":false},"excerpt":{"rendered":"<p>[vc_row thb_full_width=&#8221;true&#8221; thb_row_padding=&#8221;true&#8221; thb_column_padding=&#8221;true&#8221; thb_shape_divider=&#8221;true&#8221; point_down=&#8221;yes&#8221; css=&#8221;.vc_custom_1750889900338{background-image: url(https:\/\/www.groovelanddesigns.co.uk\/wp-content\/uploads\/2025\/06\/droneservicescardiff2.jpg?id=12996) !important;background-position: center !important;background-repeat: no-repeat !important;background-size: cover !important;}&#8221; el_class=&#8221;minheight60vh herosectiontransparent&#8221; divider_shape=&#8221;grunge&#8221; thb_divider_color=&#8221;#ffffff&#8221;][vc_column][vc_row_inner thb_column_padding=&#8221;true&#8221; content_placement=&#8221;middle&#8221;][vc_column_inner thb_color=&#8221;thb-light-column&#8221; offset=&#8221;vc_col-lg-12 vc_col-md-12&#8243;][vc_custom_heading text=&#8221;Us\u0142ugi Dronem&#8221; font_container=&#8221;tag:h1|text_align:center&#8221; use_theme_fonts=&#8221;yes&#8221; css=&#8221;&#8221; el_class=&#8221;headingtitle&#8221;][vc_empty_space height=&#8221;12px&#8221;][vc_column_text css=&#8221;&#8221; animation=&#8221;animation fade-in&#8221; el_class=&#8221;hiddenmobile&#8221;] Filmy i zdj\u0119cia z drona [\/vc_column_text][vc_empty_space height=&#8221;30px&#8221;][\/vc_column_inner][\/vc_row_inner][\/vc_column][\/vc_row][vc_row thb_column_padding=&#8221;true&#8221;][vc_column][\/vc_column][\/vc_row][vc_row content_placement=&#8221;top&#8221; css=&#8221;.vc_custom_1661981326310{padding-top: 60px !important;}&#8221;][vc_column width=&#8221;2\/3&#8243;][vc_text_separator title=&#8221;Us\u0142ugi Dronem&#8221; title_align=&#8221;separator_align_left&#8221; css=&#8221;.vc_custom_1751233509412{padding-right: 20px !important;padding-left: 20px&hellip;<\/p>\n","protected":false},"author":1,"featured_media":13135,"parent":0,"menu_order":0,"comment_status":"closed","ping_status":"closed","template":"","meta":{"footnotes":""},"class_list":["post-13075","page","type-page","status-publish","has-post-thumbnail","hentry"],"aioseo_notices":[],"_links":{"self":[{"href":"https:\/\/www.groovelanddesigns.co.uk\/pl\/wp-json\/wp\/v2\/pages\/13075","targetHints":{"allow":["GET"]}}],"collection":[{"href":"https:\/\/www.groovelanddesigns.co.uk\/pl\/wp-json\/wp\/v2\/pages"}],"about":[{"href":"https:\/\/www.groovelanddesigns.co.uk\/pl\/wp-json\/wp\/v2\/types\/page"}],"author":[{"embeddable":true,"href":"https:\/\/www.groovelanddesigns.co.uk\/pl\/wp-json\/wp\/v2\/users\/1"}],"replies":[{"embeddable":true,"href":"https:\/\/www.groovelanddesigns.co.uk\/pl\/wp-json\/wp\/v2\/comments?post=13075"}],"version-history":[{"count":5,"href":"https:\/\/www.groovelanddesigns.co.uk\/pl\/wp-json\/wp\/v2\/pages\/13075\/revisions"}],"predecessor-version":[{"id":13151,"href":"https:\/\/www.groovelanddesigns.co.uk\/pl\/wp-json\/wp\/v2\/pages\/13075\/revisions\/13151"}],"wp:featuredmedia":[{"embeddable":true,"href":"https:\/\/www.groovelanddesigns.co.uk\/pl\/wp-json\/wp\/v2\/media\/13135"}],"wp:attachment":[{"href":"https:\/\/www.groovelanddesigns.co.uk\/pl\/wp-json\/wp\/v2\/media?parent=13075"}],"curies":[{"name":"wp","href":"https:\/\/api.w.org\/{rel}","templated":true}]}}