{"id":6957,"date":"2022-08-01T07:55:23","date_gmt":"2022-08-01T07:55:23","guid":{"rendered":"https:\/\/www.groovelanddesigns.co.uk\/kontakt\/"},"modified":"2022-09-23T22:59:24","modified_gmt":"2022-09-23T22:59:24","slug":"kontakt","status":"publish","type":"page","link":"https:\/\/www.groovelanddesigns.co.uk\/pl\/kontakt\/","title":{"rendered":"Kontakt"},"content":{"rendered":"<div class=\"wpb-content-wrapper\">[vc_row thb_full_width=&#8221;true&#8221; thb_row_padding=&#8221;true&#8221; thb_column_padding=&#8221;true&#8221; bg_gradient_direction=&#8221;0&#8243; thb_shape_divider=&#8221;true&#8221; point_down=&#8221;yes&#8221; css=&#8221;.vc_custom_1659516143991{background-image: url(https:\/\/www.groovelanddesigns.co.uk\/wp-content\/uploads\/2021\/08\/getintouchclock.jpg?id=9944) !important;background-position: center !important;background-repeat: no-repeat !important;background-size: cover !important;}&#8221; el_class=&#8221;minheight60vh herosectiontransparent&#8221; divider_shape=&#8221;grunge&#8221; thb_divider_color=&#8221;#ffffff&#8221;][vc_column][vc_row_inner thb_column_padding=&#8221;true&#8221; content_placement=&#8221;middle&#8221;][vc_column_inner thb_color=&#8221;thb-light-column&#8221; offset=&#8221;vc_col-lg-12 vc_col-md-12&#8243;][vc_custom_heading text=&#8221;Skontaktuj si\u0119 z nami&#8221; font_container=&#8221;tag:h1|text_align:center|color:%23343434&#8243; use_theme_fonts=&#8221;yes&#8221; el_class=&#8221;headingtitle&#8221;][vc_empty_space height=&#8221;12px&#8221;][vc_column_text animation=&#8221;animation fade-in&#8221; el_class=&#8221;hiddenmobile&#8221;]\n<p style=\"text-align: center;\"><span style=\"color: #343434;\">Jeste\u015bmy na wyci\u0105gni\u0119cie r\u0119ki<\/span><\/p>\n[\/vc_column_text][\/vc_column_inner][\/vc_row_inner][\/vc_column][\/vc_row][vc_row css=&#8221;.vc_custom_1659516187593{margin-top: 80px !important;}&#8221;][vc_column][vc_column_text]\n<h2 style=\"text-align: center;\">Wy\u015blij wiadomo\u015b\u0107<\/h2>\n[\/vc_column_text][vc_column_text]\n<p style=\"text-align: center;\">Masz pytanie dotycz\u0105ce naszych us\u0142ug lub chcesz om\u00f3wi\u0107 sw\u00f3j projekt? Skontaktuj si\u0119 z nami za pomoc\u0105 poni\u017cszego formularza.<\/p>\n[\/vc_column_text][vc_separator color=&#8221;custom&#8221; el_width=&#8221;10&#8243; accent_color=&#8221;#e9204f&#8221;][\/vc_column][\/vc_row][vc_row el_class=&#8221;align-center, swap-on-mobile&#8221; css=&#8221;.vc_custom_1651667277754{padding-top: 2vh !important;padding-bottom: 10vh !important;}&#8221;][vc_column width=&#8221;1\/3&#8243; css=&#8221;.vc_custom_1516377398176{padding-right: 20% !important;}&#8221;][vc_column_text css=&#8221;.vc_custom_1661945277373{border-bottom-width: 2px !important;padding-bottom: 30px !important;border-bottom-color: #f4f4f4 !important;border-bottom-style: solid !important;}&#8221;]<strong>Dane kontaktowe<\/strong><\/p>\n<p style=\"font-size: 14px;\">Grooveland Designs<br \/>\nThe Gate Business Centre<br \/>\nKeppoch Street<br \/>\nCardiff<br \/>\nCF24 4QW<br \/>\n<i class=\"fa fa-phone\" aria-hidden=\"true\"><\/i> \u00a0 +44 29 217 69 777<\/p>\n[\/vc_column_text][vc_column_text]<strong>Znajd\u017a nas na social media<\/strong><\/p>\n<p style=\"font-size: 14px;\">Do\u0142\u0105cz do nas na naszych mediach spo\u0142eczno\u015bciowych aby otrzymywa\u0107 najnowsze informacje, og\u0142oszenia i dowiedzie\u0107 si\u0119 co dzieje si\u0119 za kulisami!<\/p>\n<div class=\"socialiconscontact\" style=\"display: inline-flex;\"><a style=\"display: inline-flex; padding: 0 20px 0 0; font-size: 30px;\" href=\"https:\/\/www.facebook.com\/groovelanddesigns\"><i class=\"fa fa-facebook\"><\/i><\/a><br \/>\n<a style=\"display: inline-flex; padding: 0 20px 0 0; font-size: 30px;\" href=\"https:\/\/twitter.com\/groovelanddsgns\"><i class=\"fa fa-twitter\"><\/i><\/a><br \/>\n<a style=\"display: inline-flex; padding: 0 20px 0 0; font-size: 30px;\" href=\"https:\/\/www.instagram.com\/groovelanddesigns\"><i class=\"fa fa-instagram\"><\/i><\/a><\/div>\n[\/vc_column_text][\/vc_column][vc_column width=&#8221;2\/3&#8243;]\n<div class=\"wpcf7 no-js\" id=\"wpcf7-f10675-o1\" lang=\"en-US\" dir=\"ltr\" data-wpcf7-id=\"10675\">\n<div class=\"screen-reader-response\"><p role=\"status\" aria-live=\"polite\" aria-atomic=\"true\"><\/p> <ul><\/ul><\/div>\n<form action=\"\/pl\/wp-json\/wp\/v2\/pages\/6957#wpcf7-f10675-o1\" method=\"post\" class=\"wpcf7-form init\" aria-label=\"Contact form\" novalidate=\"novalidate\" data-status=\"init\">\n<fieldset class=\"hidden-fields-container\"><input type=\"hidden\" name=\"_wpcf7\" value=\"10675\" \/><input type=\"hidden\" name=\"_wpcf7_version\" value=\"6.1.5\" \/><input type=\"hidden\" name=\"_wpcf7_locale\" value=\"en_US\" \/><input type=\"hidden\" name=\"_wpcf7_unit_tag\" value=\"wpcf7-f10675-o1\" \/><input type=\"hidden\" name=\"_wpcf7_container_post\" value=\"0\" \/><input type=\"hidden\" name=\"_wpcf7_posted_data_hash\" value=\"\" \/>\n<\/fieldset>\n<div id=\"responsive-form\" class=\"clearfix\">\n\t<div class=\"form-row\">\n\t\t<div class=\"column-half\">\n\t\t\t<p><span class=\"wpcf7-form-control-wrap\" data-name=\"text-134\"><input size=\"40\" maxlength=\"400\" class=\"wpcf7-form-control wpcf7-text wpcf7-validates-as-required\" aria-required=\"true\" aria-invalid=\"false\" placeholder=\"Twoje imi\u0119\" value=\"\" type=\"text\" name=\"text-134\" \/><\/span>\n\t\t\t<\/p>\n\t\t<\/div>\n\t\t<div class=\"column-half\">\n\t\t\t<p><span class=\"wpcf7-form-control-wrap\" data-name=\"email-637\"><input size=\"40\" maxlength=\"400\" class=\"wpcf7-form-control wpcf7-email wpcf7-validates-as-required wpcf7-text wpcf7-validates-as-email\" aria-required=\"true\" aria-invalid=\"false\" placeholder=\"Tw\u00f3j e-mail\" value=\"\" type=\"email\" name=\"email-637\" \/><\/span>\n\t\t\t<\/p>\n\t\t<\/div>\n\t<\/div>\n\t<div class=\"form-row\">\n\t\t<div class=\"column-full\">\n\t\t\t<p><span class=\"wpcf7-form-control-wrap\" data-name=\"textarea-315\"><textarea cols=\"40\" rows=\"10\" maxlength=\"2000\" class=\"wpcf7-form-control wpcf7-textarea\" aria-invalid=\"false\" placeholder=\"Twoja wiadomo\u015b\u0107...\" name=\"textarea-315\"><\/textarea><\/span>\n\t\t\t<\/p>\n\t\t<\/div>\n\t<\/div>\n\t<div class=\"form-row\">\n\t\t<div class=\"column-full\">\n\t\t\t<p><input class=\"wpcf7-form-control wpcf7-submit has-spinner\" type=\"submit\" value=\"Wy\u015blij\" \/>\n\t\t\t<\/p>\n\t\t<\/div>\n\t<\/div>\n\t<div class=\"form-row\">\n\t\t<div class=\"column-full\" style=\"font-size:11px; margin-top:25px;\">\n\t\t\t<p>This site is protected by reCAPTCHA and the Google. <a href=\"https:\/\/policies.google.com\/privacy\">Privacy Policy<\/a> and <a href=\"https:\/\/policies.google.com\/terms\">Terms of Service<\/a> apply.\n\t\t\t<\/p>\n\t\t<\/div>\n\t<\/div>\n<\/div><!--end responsive-form--><div class=\"wpcf7-response-output\" aria-hidden=\"true\"><\/div>\n<\/form>\n<\/div>\n[vc_empty_space][\/vc_column][\/vc_row][vc_row thb_full_width=&#8221;true&#8221; thb_row_padding=&#8221;true&#8221; thb_column_padding=&#8221;true&#8221;][vc_column]\t<div class=\"contact_map_parent map_left\" style=\"height:50vh\">\n\t\t<div class=\"contact_map\n\t\t\" data-map-style=\"[\n    {\n        &quot;featureType&quot;: &quot;administrative.land_parcel&quot;,\n        &quot;elementType&quot;: &quot;all&quot;,\n        &quot;stylers&quot;: [\n            {\n                &quot;visibility&quot;: &quot;off&quot;\n            }\n        ]\n    },\n    {\n        &quot;featureType&quot;: &quot;landscape.man_made&quot;,\n        &quot;elementType&quot;: &quot;all&quot;,\n        &quot;stylers&quot;: [\n            {\n                &quot;visibility&quot;: &quot;off&quot;\n            }\n        ]\n    },\n    {\n        &quot;featureType&quot;: &quot;poi&quot;,\n        &quot;elementType&quot;: &quot;labels&quot;,\n        &quot;stylers&quot;: [\n            {\n                &quot;visibility&quot;: &quot;off&quot;\n            }\n        ]\n    },\n    {\n        &quot;featureType&quot;: &quot;road&quot;,\n        &quot;elementType&quot;: &quot;labels&quot;,\n        &quot;stylers&quot;: [\n            {\n                &quot;visibility&quot;: &quot;simplified&quot;\n            },\n            {\n                &quot;lightness&quot;: 20\n            }\n        ]\n    },\n    {\n        &quot;featureType&quot;: &quot;road.highway&quot;,\n        &quot;elementType&quot;: &quot;geometry&quot;,\n        &quot;stylers&quot;: [\n            {\n                &quot;hue&quot;: &quot;#f49935&quot;\n            }\n        ]\n    },\n    {\n        &quot;featureType&quot;: &quot;road.highway&quot;,\n        &quot;elementType&quot;: &quot;labels&quot;,\n        &quot;stylers&quot;: [\n            {\n                &quot;visibility&quot;: &quot;simplified&quot;\n            }\n        ]\n    },\n    {\n        &quot;featureType&quot;: &quot;road.arterial&quot;,\n        &quot;elementType&quot;: &quot;geometry&quot;,\n        &quot;stylers&quot;: [\n            {\n                &quot;hue&quot;: &quot;#fad959&quot;\n            }\n        ]\n    },\n    {\n        &quot;featureType&quot;: &quot;road.arterial&quot;,\n        &quot;elementType&quot;: &quot;labels&quot;,\n        &quot;stylers&quot;: [\n            {\n                &quot;visibility&quot;: &quot;off&quot;\n            }\n        ]\n    },\n    {\n        &quot;featureType&quot;: &quot;road.local&quot;,\n        &quot;elementType&quot;: &quot;geometry&quot;,\n        &quot;stylers&quot;: [\n            {\n                &quot;visibility&quot;: &quot;simplified&quot;\n            }\n        ]\n    },\n    {\n        &quot;featureType&quot;: &quot;road.local&quot;,\n        &quot;elementType&quot;: &quot;labels&quot;,\n        &quot;stylers&quot;: [\n            {\n                &quot;visibility&quot;: &quot;simplified&quot;\n            }\n        ]\n    },\n    {\n        &quot;featureType&quot;: &quot;transit&quot;,\n        &quot;elementType&quot;: &quot;all&quot;,\n        &quot;stylers&quot;: [\n            {\n                &quot;visibility&quot;: &quot;off&quot;\n            }\n        ]\n    },\n    {\n        &quot;featureType&quot;: &quot;water&quot;,\n        &quot;elementType&quot;: &quot;all&quot;,\n        &quot;stylers&quot;: [\n            {\n                &quot;hue&quot;: &quot;#a1cdfc&quot;\n            },\n            {\n                &quot;saturation&quot;: 30\n            },\n            {\n                &quot;lightness&quot;: 49\n            }\n        ]\n    }\n]\" data-map-zoom=\"14\" data-map-type=\"roadmap\" data-pan-control=\"1\" data-zoom-control=\"1\" data-maptype-control=\"\" data-scale-control=\"1\" data-streetview-control=\"1\">\n\t\t\t\t\t\t\t\n\t<input class=\"thb-location\" type=\"hidden\" data-option=\"{&quot;marker_image&quot;:&quot;https:\\\/\\\/www.groovelanddesigns.co.uk\\\/wp-content\\\/themes\\\/revolution\\\/assets\\\/img\\\/pin.png&quot;,&quot;marker_title&quot;:&quot;Grooveland Designs&quot;,&quot;marker_description&quot;:&quot;The Gate Business Centre&lt;br \\\/&gt;\\nKeppoch Street&lt;br \\\/&gt;\\nCardiff&lt;br \\\/&gt;\\nCF24 3JW&quot;,&quot;marker_size&quot;:[80,108],&quot;retina_marker&quot;:&quot;1&quot;,&quot;latitude&quot;:&quot;51.491428&quot;,&quot;longitude&quot;:&quot;-3.168478&quot;}\" \/>\n\n\t\t\t\t\n\t\t<\/div>\n\t\t\t\t\t<a href=\"#\" class=\"thb-expand\"><svg xmlns=\"http:\/\/www.w3.org\/2000\/svg\" viewBox=\"0 0 64 64\" enable-background=\"new 0 0 64 64\"><g fill=\"none\" stroke=\"#000\" stroke-width=\"2\" stroke-miterlimit=\"10\"><g stroke-linejoin=\"bevel\"><path d=\"m1 12v-11h11\"\/><path d=\"m12 63h-11v-11\"\/><path d=\"m63 52v11h-11\"\/><path d=\"m52 1h11v11\"\/><\/g><path d=\"m2 2l20 20\"\/><path d=\"m42 42l20 20\"\/><path d=\"m2 62l20-20\"\/><path d=\"m42 22l20-20\"\/><\/g><\/svg><\/a>\n\t\t\t<\/div>\n\t[\/vc_column][\/vc_row]\n<\/div>","protected":false},"excerpt":{"rendered":"<p>[vc_row thb_full_width=&#8221;true&#8221; thb_row_padding=&#8221;true&#8221; thb_column_padding=&#8221;true&#8221; bg_gradient_direction=&#8221;0&#8243; thb_shape_divider=&#8221;true&#8221; point_down=&#8221;yes&#8221; css=&#8221;.vc_custom_1659516143991{background-image: url(https:\/\/www.groovelanddesigns.co.uk\/wp-content\/uploads\/2021\/08\/getintouchclock.jpg?id=9944) !important;background-position: center !important;background-repeat: no-repeat !important;background-size: cover !important;}&#8221; el_class=&#8221;minheight60vh herosectiontransparent&#8221; divider_shape=&#8221;grunge&#8221; thb_divider_color=&#8221;#ffffff&#8221;][vc_column][vc_row_inner thb_column_padding=&#8221;true&#8221; content_placement=&#8221;middle&#8221;][vc_column_inner thb_color=&#8221;thb-light-column&#8221; offset=&#8221;vc_col-lg-12 vc_col-md-12&#8243;][vc_custom_heading text=&#8221;Skontaktuj si\u0119 z nami&#8221; font_container=&#8221;tag:h1|text_align:center|color:%23343434&#8243; use_theme_fonts=&#8221;yes&#8221; el_class=&#8221;headingtitle&#8221;][vc_empty_space height=&#8221;12px&#8221;][vc_column_text animation=&#8221;animation fade-in&#8221; el_class=&#8221;hiddenmobile&#8221;] Jeste\u015bmy na wyci\u0105gni\u0119cie r\u0119ki [\/vc_column_text][\/vc_column_inner][\/vc_row_inner][\/vc_column][\/vc_row][vc_row css=&#8221;.vc_custom_1659516187593{margin-top: 80px !important;}&#8221;][vc_column][vc_column_text] Wy\u015blij wiadomo\u015b\u0107 [\/vc_column_text][vc_column_text] Masz pytanie dotycz\u0105ce naszych us\u0142ug lub chcesz om\u00f3wi\u0107&hellip;<\/p>\n","protected":false},"author":1,"featured_media":0,"parent":0,"menu_order":0,"comment_status":"closed","ping_status":"closed","template":"","meta":{"footnotes":""},"class_list":["post-6957","page","type-page","status-publish","hentry"],"aioseo_notices":[],"_links":{"self":[{"href":"https:\/\/www.groovelanddesigns.co.uk\/pl\/wp-json\/wp\/v2\/pages\/6957","targetHints":{"allow":["GET"]}}],"collection":[{"href":"https:\/\/www.groovelanddesigns.co.uk\/pl\/wp-json\/wp\/v2\/pages"}],"about":[{"href":"https:\/\/www.groovelanddesigns.co.uk\/pl\/wp-json\/wp\/v2\/types\/page"}],"author":[{"embeddable":true,"href":"https:\/\/www.groovelanddesigns.co.uk\/pl\/wp-json\/wp\/v2\/users\/1"}],"replies":[{"embeddable":true,"href":"https:\/\/www.groovelanddesigns.co.uk\/pl\/wp-json\/wp\/v2\/comments?post=6957"}],"version-history":[{"count":0,"href":"https:\/\/www.groovelanddesigns.co.uk\/pl\/wp-json\/wp\/v2\/pages\/6957\/revisions"}],"wp:attachment":[{"href":"https:\/\/www.groovelanddesigns.co.uk\/pl\/wp-json\/wp\/v2\/media?parent=6957"}],"curies":[{"name":"wp","href":"https:\/\/api.w.org\/{rel}","templated":true}]}}