{"id":6988,"date":"2016-01-05T12:12:10","date_gmt":"2016-01-05T12:12:10","guid":{"rendered":"https:\/\/www.groovelanddesigns.co.uk\/faq\/"},"modified":"2025-01-10T11:53:38","modified_gmt":"2025-01-10T11:53:38","slug":"faq","status":"publish","type":"page","link":"https:\/\/www.groovelanddesigns.co.uk\/pl\/faq\/","title":{"rendered":"FAQ"},"content":{"rendered":"<div class=\"wpb-content-wrapper\">[vc_row thb_full_width=&#8221;true&#8221; thb_row_padding=&#8221;true&#8221; thb_column_padding=&#8221;true&#8221; bg_gradient_direction=&#8221;-90&#8243; thb_shape_divider=&#8221;true&#8221; point_down=&#8221;yes&#8221; css=&#8221;.vc_custom_1659516301586{background-image: url(https:\/\/www.groovelanddesigns.co.uk\/wp-content\/uploads\/2022\/08\/faq5v2.jpg?id=10424) !important;background-position: center !important;background-repeat: no-repeat !important;background-size: cover !important;}&#8221; el_class=&#8221;minheight60vh herosectiontransparent&#8221; divider_shape=&#8221;grunge&#8221; thb_divider_color=&#8221;#ffffff&#8221; bg_gradient1=&#8221;rgba(0,0,0,0.11)&#8221; bg_gradient2=&#8221;rgba(0,0,0,0.11)&#8221;][vc_column][vc_row_inner thb_column_padding=&#8221;true&#8221; content_placement=&#8221;middle&#8221;][vc_column_inner thb_color=&#8221;thb-light-column&#8221; offset=&#8221;vc_col-lg-12 vc_col-md-12&#8243;][vc_custom_heading text=&#8221;Baza Wiedzy&#8221; font_container=&#8221;tag:h1|text_align:center&#8221; use_theme_fonts=&#8221;yes&#8221; el_class=&#8221;headingtitle&#8221;][vc_empty_space height=&#8221;12px&#8221;][vc_column_text animation=&#8221;animation fade-in&#8221; el_class=&#8221;hiddenmobile&#8221;]\n<p style=\"text-align: center;\"><span style=\"color: #ffffff;\">Znajd\u017a odpowiedzi na najcz\u0119sciej zadawane pytania.<\/span><\/p>\n[\/vc_column_text][\/vc_column_inner][\/vc_row_inner][\/vc_column][\/vc_row][vc_row css=&#8221;.vc_custom_1624371738788{margin-bottom: 40px !important;}&#8221;][vc_column][vc_column_text]\n<p style=\"text-align: left;\">Poni\u017cej znajdziesz list\u0119, niekt\u00f3rych z najcz\u0119\u015bciej zadawanych przez naszych klient\u00f3w pyta\u0144, dotycz\u0105cych naszych us\u0142ug projektowania i tworzenia stron internetowych, fotografii oraz produkcji film\u00f3w wideo.<\/p>\n<p style=\"text-align: left;\">Mamy nadziej\u0119, \u017ce pomog\u0105 Ci one lepiej zrozumie\u0107 nasz\u0105 prac\u0119, wyja\u015bn\u0105 niekt\u00f3re z bardziej technicznych zagadnie\u0144 i ostatecznie pomog\u0105 w podj\u0119ciu \u015bwiadomej decyzji dotycz\u0105cej zakupu wybranej us\u0142ugi.<\/p>\n<p style=\"text-align: left;\">Je\u015bli nie mo\u017cesz znale\u017a\u0107 odpowiedzi na swoje pytanie, skontatuj si\u0119 z nami na 029 217 69 777 lub poprzez wype\u0142nienie formularza poni\u017cej.<\/p>\n[\/vc_column_text][\/vc_column][\/vc_row][vc_row][vc_column width=&#8221;2\/3&#8243;]\t<div id=\"thb-slidetype-69f62f1bb13c7\" class=\"thb-slidetype \" data-style=\"style1\">\n\t\t\n<h2><span class=\"thb-slidetype-entry\"><span class=\"lines\">Fotografia<\/span><\/span><\/h2>\n\t\t\t<\/div>\n\n\t[vc_empty_space]\t<div id=\"thb-accordion-69f62f1bb143a\" class=\"thb-accordion style3 has-accordion\" data-scroll=\"\" data-index=\"99\">\n\t\t[vc_tta_section title=&#8221;W jakiego typu fotografii si\u0119 specjalizujecie?&#8221; tab_id=&#8221;1624409246905-1669b091-a113&#8243;][vc_column_text]Specjalizujemy si\u0119 w fotografii komercyjnej dla firm i marek jak r\u00f3wnie\u017c ma\u0142ych przedsi\u0119biorstw, os\u00f3b samozatrudnionych i artyst\u00f3w. Robimy zdj\u0119cia portretowe \/ headshots, reklamowe, mod\u0119, zdj\u0119cia produktowe jak i fotografi\u0119 imprezow\u0105.[\/vc_column_text][\/vc_tta_section][vc_tta_section title=&#8221;Czy robicie \u015bluby i wesela?&#8221; tab_id=&#8221;1624409246873-5bb4047c-4bcd&#8221;][vc_column_text]Przykro nam ale niestety nie![\/vc_column_text][\/vc_tta_section][vc_tta_section title=&#8221;Czy otrzymam pliki w formacie RAW?&#8221; tab_id=&#8221;1624409246935-b661fb91-4b5e&#8221;][vc_column_text]Naszym klientom dostarczamy jedynie wyedytowane, wysokiej jako\u015b\u0107i zdj\u0119cia w formacie JPEG ale w szczeg\u00f3lnych sytuacjach jeste\u015bmy r\u00f3wnie\u017c w stanie udost\u0119pni\u0107 pliki RAW za dodatkow\u0105 op\u0142at\u0105.[\/vc_column_text][\/vc_tta_section][vc_tta_section title=&#8221;What is a Domain Name?&#8221; tab_id=&#8221;1624409246974-54e8f270-07cc&#8221; el_class=&#8221;hidden&#8221;][vc_column_text]Domain Name is a unique, human-friendly name to identify your website. Just as your house has its own unique postal address so does each and every website on the internet. Domain name is commonly referred to as \u2018website address\u2019, for example:<span>\u00a0<\/span><em>www.yourcompanyname.co.uk<\/em>[\/vc_column_text][\/vc_tta_section][vc_tta_section title=&#8221;Do I need a domain name?&#8221; tab_id=&#8221;1624409247005-473d37db-f148&#8243; el_class=&#8221;hidden&#8221;][vc_column_text]<strong>Yes<\/strong>. Every website on the internet needs a unique domain name, e.g.<span>\u00a0<\/span><em>www.yourcompanyname.co.uk<\/em>. If you haven\u2019t purchased yours yet, please get in touch and we will register one on your behalf<span>\u00a0<\/span><em>(subject to availability)<\/em>.<\/p>\n<p>Our domain names cost<span>\u00a0<\/span><strong>\u00a315 per year<\/strong>* and are included with all our packages.<\/p>\n<p><em>*.co.uk and .org.uk domain names only. Other domains (.com, .org and others) are charged at different rates \u2013 please send us a message\u00a0for details.<\/em>[\/vc_column_text][\/vc_tta_section][vc_tta_section title=&#8221;What is Hosting?&#8221; tab_id=&#8221;1624409247037-d5d14430-c8fc&#8221; el_class=&#8221;hidden&#8221;][vc_column_text]Hosting is a service of providing space on a remote server where your website, files, databases and e-mails are stored. Web hosting allows your website to be available and accessible to anyone via Internet, 24 hours a day, 7 days a week.<\/p>\n<p>Our basic hosting costs just<span>\u00a0<\/span><strong>\u00a350 per year<\/strong><span>\u00a0<\/span>and is included with all our packages![\/vc_column_text][\/vc_tta_section][vc_tta_section title=&#8221;Can you provide email accounts?&#8221; tab_id=&#8221;1624409247074-5b64026a-4000&#8243; el_class=&#8221;hidden&#8221;][vc_column_text el_class=&#8221;hidden&#8221;]<strong>Yes<\/strong>. Once you purchase your hosting with us, we will provide you with professional POP3 and IMAP email accounts that match your domain name, eg. info@yourcompanyname.co.uk. You will be able to access your e-mails either via e-mail client on your computer, smartphone or tablet, or via webmail using an internet browser.[\/vc_column_text][\/vc_tta_section][vc_tta_section title=&#8221;I am not based in Cardiff, can I still use your services?&#8221; tab_id=&#8221;1624409247108-daab05e7-b17a&#8221; el_class=&#8221;hidden&#8221;][vc_column_text el_class=&#8221;hidden&#8221;]<strong>Absolutely!<\/strong><span>\u00a0<\/span>We are able to discuss projects and provide our services to clients and businesses based anywhere in the UK or even abroad by using the Internet, e-mail and the telephone. In fact many of our customers are located outside of Cardiff and we have even done work for clients in such exotic locations as Ibiza![\/vc_column_text][\/vc_tta_section]\t<\/div>\n\t[vc_empty_space]\t<div id=\"thb-slidetype-69f62f1bb1492\" class=\"thb-slidetype \" data-style=\"style1\">\n\t\t\n<h2><span class=\"thb-slidetype-entry\"><span class=\"lines\">Produckja video i filmowanie<\/span><\/span><\/h2>\n\t\t\t<\/div>\n\n\t[vc_empty_space]\t<div id=\"thb-accordion-69f62f1bb14e1\" class=\"thb-accordion style3 has-accordion\" data-scroll=\"\" data-index=\"99\">\n\t\t[vc_tta_section title=&#8221;Ile kosztuj\u0105 us\u0142ugi filmowania?&#8221; tab_id=&#8221;1659391251878-857e7521-d727&#8243;][vc_column_text]Koszt zwi\u0105zany z filmowaniem i produkcj\u0105 wideo zale\u017cny od specyfikacji danego projektu, nie ma wi\u0119c na to jednej prostej odpowiedzi. Mo\u017ce to by\u0107 od kilkuset do kilku tysi\u0119cy funt\u00f3w. Podczas tworzenia wyceny brane pod uwag\u0119 jest wiele czynnik\u00f3w, takich jak ilo\u015b\u0107 dni filmowania, lokalizacja, ilo\u015b\u0107 pracownik\u00f3w wymaganych do danego projektu, a tak\u017ce aspekty techniczne, je\u015bli chodzi o d\u017awi\u0119k, o\u015bwietlenie, pomoc opcjonalnych aktor\u00f3w oraz wymagania postprodukcyjne (d\u0142ugo\u015b\u0107 uko\u0144czonego filmu, napisy, proporcje i format filmu, \u015bcie\u017cka d\u017awi\u0119kowa \/ audio, narracja g\u0142osowa, animacje itp.)[\/vc_column_text][\/vc_tta_section][vc_tta_section title=&#8221;Jak wygl\u0105da proces wideofilmowania?&#8221; tab_id=&#8221;1659391251896-da4f90de-de7f&#8221;][vc_column_text]Wi\u0119kszo\u015b\u0107 projekt\u00f3w wideo sk\u0142ada si\u0119 z trzech g\u0142\u00f3wnych etap\u00f3w: Przedprodukcja (inymi s\u0142owy pocz\u0105tkowe spotkania, planowanie, tworzenie scenariusza itp.), filmowanie i postprodukcja (to etap monta\u017cu, na kt\u00f3rym ca\u0142y materia\u0142 filmowy, d\u017awi\u0119k, muzyka, napisy itp. s\u0105 \u0142\u0105czone razem w celu dostarczenia ko\u0144cowego materia\u0142u)[\/vc_column_text][\/vc_tta_section][vc_tta_section title=&#8221;Czy kr\u0119cicie filmy pod media spo\u0142eczno\u015bciowe?&#8221; tab_id=&#8221;1659391251912-d0baea56-9359&#8243;][vc_column_text]<strong>Tak!<\/strong> Jeste\u015bmy w stanie nakr\u0119ci\u0107 i dostarczy\u0107 filmy w r\u00f3\u017cnych proporcjach i orientacjach. Jest to zwykle omawiane i uzgadniane na pocz\u0105tkowym etapie planowania i obejmuje dwie mo\u017cliwe opcje: albo kr\u0119cenie wideo w standardowych proporcjach 16:9 (dla takich serwis\u00f3w jak YouTube, Vimeo i Facebook) a nast\u0119pnie, je\u015bli jest taka potrzeba, przycinanie wideo do format\u00f3w medi\u00f3w spo\u0142eczno\u015bciowych takie jak 1:1 i 9:16, albo je\u015bli wymagane s\u0105 tylko filmy w formacie mobilnym, takie jak Instagram Reels czy Tik-Tok, mo\u017cemy nagra\u0107 oryginalny materia\u0142 w proporcjach 9:16, aby upewni\u0107 si\u0119, \u017ce najwa\u017cniejsze elementy filmu by\u0142y odpowiednio wykadrowane i widoczne w ko\u0144cowym materiale.[\/vc_column_text][\/vc_tta_section][vc_tta_section title=&#8221;W jakim formacie otrzymam sko\u0144czony film?&#8221; tab_id=&#8221;1659391251927-a68eeba3-329d&#8221;][vc_column_text]Materia\u0142 firmowy zostanie wyeksportowany i dostarczony w wysokiej jako\u015bci pliku .mp4 lub .mov[\/vc_column_text][\/vc_tta_section][vc_tta_section title=&#8221;Do I need a domain name?&#8221; tab_id=&#8221;1659391251942-71051dc0-5fe6&#8243; el_class=&#8221;hidden&#8221;][vc_column_text]<strong>Yes<\/strong>. Every website on the internet needs a unique domain name, e.g.<span>\u00a0<\/span><em>www.yourcompanyname.co.uk<\/em>. If you haven\u2019t purchased yours yet, please get in touch and we will register one on your behalf<span>\u00a0<\/span><em>(subject to availability)<\/em>.<\/p>\n<p>Our domain names cost<span>\u00a0<\/span><strong>\u00a315 per year<\/strong>* and are included with all our packages.<\/p>\n<p><em>*.co.uk and .org.uk domain names only. Other domains (.com, .org and others) are charged at different rates \u2013 please send us a message\u00a0for details.<\/em>[\/vc_column_text][\/vc_tta_section][vc_tta_section title=&#8221;What is Hosting?&#8221; tab_id=&#8221;1659391251958-508ddcb5-f293&#8243; el_class=&#8221;hidden&#8221;][vc_column_text]Hosting is a service of providing space on a remote server where your website, files, databases and e-mails are stored. Web hosting allows your website to be available and accessible to anyone via Internet, 24 hours a day, 7 days a week.<\/p>\n<p>Our basic hosting costs just<span>\u00a0<\/span><strong>\u00a350 per year<\/strong><span>\u00a0<\/span>and is included with all our packages![\/vc_column_text][\/vc_tta_section][vc_tta_section title=&#8221;Can you provide email accounts?&#8221; tab_id=&#8221;1659391251974-14bc0a73-aa33&#8243; el_class=&#8221;hidden&#8221;][vc_column_text]<strong>Yes<\/strong>. Once you purchase your hosting with us, we will provide you with professional POP3 and IMAP email accounts that match your domain name, eg. info@yourcompanyname.co.uk. You will be able to access your e-mails either via e-mail client on your computer, smartphone or tablet, or via webmail using an internet browser.[\/vc_column_text][\/vc_tta_section][vc_tta_section title=&#8221;I am not based in Cardiff, can I still use your services?&#8221; tab_id=&#8221;1659391251990-8f0f2d73-eb10&#8243; el_class=&#8221;hidden&#8221;][vc_column_text]<strong>Absolutely!<\/strong><span>\u00a0<\/span>We are able to discuss projects and provide our services to clients and businesses based anywhere in the UK or even abroad by using the Internet, e-mail and the telephone. In fact many of our customers are located outside of Cardiff and we have even done work for clients in such exotic locations as Ibiza![\/vc_column_text][\/vc_tta_section]\t<\/div>\n\t[\/vc_column][vc_column fixed=&#8221;thb-fixed&#8221; width=&#8221;1\/3&#8243;][vc_widget_sidebar sidebar_id=&#8221;faq_sidebar__polish&#8221;][\/vc_column][\/vc_row][vc_row][vc_column][vc_empty_space height=&#8221;10vh&#8221;][\/vc_column][\/vc_row]\n<\/div>","protected":false},"excerpt":{"rendered":"<p>[vc_row thb_full_width=&#8221;true&#8221; thb_row_padding=&#8221;true&#8221; thb_column_padding=&#8221;true&#8221; bg_gradient_direction=&#8221;-90&#8243; thb_shape_divider=&#8221;true&#8221; point_down=&#8221;yes&#8221; css=&#8221;.vc_custom_1659516301586{background-image: url(https:\/\/www.groovelanddesigns.co.uk\/wp-content\/uploads\/2022\/08\/faq5v2.jpg?id=10424) !important;background-position: center !important;background-repeat: no-repeat !important;background-size: cover !important;}&#8221; el_class=&#8221;minheight60vh herosectiontransparent&#8221; divider_shape=&#8221;grunge&#8221; thb_divider_color=&#8221;#ffffff&#8221; bg_gradient1=&#8221;rgba(0,0,0,0.11)&#8221; bg_gradient2=&#8221;rgba(0,0,0,0.11)&#8221;][vc_column][vc_row_inner thb_column_padding=&#8221;true&#8221; content_placement=&#8221;middle&#8221;][vc_column_inner thb_color=&#8221;thb-light-column&#8221; offset=&#8221;vc_col-lg-12 vc_col-md-12&#8243;][vc_custom_heading text=&#8221;Baza Wiedzy&#8221; font_container=&#8221;tag:h1|text_align:center&#8221; use_theme_fonts=&#8221;yes&#8221; el_class=&#8221;headingtitle&#8221;][vc_empty_space height=&#8221;12px&#8221;][vc_column_text animation=&#8221;animation fade-in&#8221; el_class=&#8221;hiddenmobile&#8221;] Znajd\u017a odpowiedzi na najcz\u0119sciej zadawane pytania. [\/vc_column_text][\/vc_column_inner][\/vc_row_inner][\/vc_column][\/vc_row][vc_row css=&#8221;.vc_custom_1624371738788{margin-bottom: 40px !important;}&#8221;][vc_column][vc_column_text] Poni\u017cej znajdziesz list\u0119, niekt\u00f3rych z najcz\u0119\u015bciej zadawanych przez naszych&hellip;<\/p>\n","protected":false},"author":1,"featured_media":0,"parent":0,"menu_order":0,"comment_status":"closed","ping_status":"closed","template":"","meta":{"footnotes":""},"class_list":["post-6988","page","type-page","status-publish","hentry"],"aioseo_notices":[],"_links":{"self":[{"href":"https:\/\/www.groovelanddesigns.co.uk\/pl\/wp-json\/wp\/v2\/pages\/6988","targetHints":{"allow":["GET"]}}],"collection":[{"href":"https:\/\/www.groovelanddesigns.co.uk\/pl\/wp-json\/wp\/v2\/pages"}],"about":[{"href":"https:\/\/www.groovelanddesigns.co.uk\/pl\/wp-json\/wp\/v2\/types\/page"}],"author":[{"embeddable":true,"href":"https:\/\/www.groovelanddesigns.co.uk\/pl\/wp-json\/wp\/v2\/users\/1"}],"replies":[{"embeddable":true,"href":"https:\/\/www.groovelanddesigns.co.uk\/pl\/wp-json\/wp\/v2\/comments?post=6988"}],"version-history":[{"count":2,"href":"https:\/\/www.groovelanddesigns.co.uk\/pl\/wp-json\/wp\/v2\/pages\/6988\/revisions"}],"predecessor-version":[{"id":12626,"href":"https:\/\/www.groovelanddesigns.co.uk\/pl\/wp-json\/wp\/v2\/pages\/6988\/revisions\/12626"}],"wp:attachment":[{"href":"https:\/\/www.groovelanddesigns.co.uk\/pl\/wp-json\/wp\/v2\/media?parent=6988"}],"curies":[{"name":"wp","href":"https:\/\/api.w.org\/{rel}","templated":true}]}}